{"id":171,"date":"2020-02-10T10:47:57","date_gmt":"2020-02-10T10:47:57","guid":{"rendered":"http:\/\/sohontorwet.com\/?page_id=171"},"modified":"2026-03-17T17:34:40","modified_gmt":"2026-03-17T15:34:40","slug":"keikkatilaus","status":"publish","type":"page","link":"https:\/\/sohontorwet.com\/?page_id=171","title":{"rendered":"YHTEYSTIEDOT"},"content":{"rendered":"<div id=\"pl-171\"  class=\"panel-layout\" ><div id=\"pg-171-0\"  class=\"panel-grid panel-no-style\" ><div id=\"pgc-171-0-0\"  class=\"panel-grid-cell\" ><div id=\"panel-171-0-0-0\" class=\"so-panel widget widget_wpforms-widget wpforms-widget panel-first-child panel-last-child\" data-index=\"0\" ><div class=\"panel-widget-style panel-widget-style-for-171-0-0-0\" ><div class=\"wpforms-container wpforms-container-full gigform\" id=\"wpforms-335\"><form id=\"wpforms-form-335\" class=\"wpforms-validate wpforms-form\" data-formid=\"335\" method=\"post\" enctype=\"multipart\/form-data\" action=\"\/index.php?rest_route=%2Fwp%2Fv2%2Fpages%2F171\" data-token=\"acd58a60beabd9a550ee93c112bc145f\"><div class=\"wpforms-head-container\"><div class=\"wpforms-description\"><h3 id=\"keikkatilausteksti\" style=\"color: whitesmoke; text-align: left;\">Voit tilata Sohon Torwet t\u00e4ll\u00e4 lomakkeella. Jos haluat tutustua tarjontaamme, voit tehd\u00e4 sen<a style=\"color: #e9798a;\" href=\"?page_id=982\" target=\"_blank\" rel=\"noopener\"><a:visited style=\"color:#9f96ff\"> t\u00e4\u00e4lt\u00e4<\/a>.<\/h3><\/div><\/div><noscript class=\"wpforms-error-noscript\">Please enable JavaScript in your browser to complete this form.<\/noscript><div class=\"wpforms-field-container\"><div id=\"wpforms-335-field_1-container\" class=\"wpforms-field wpforms-field-text\" data-field-id=\"1\"><label class=\"wpforms-field-label\" for=\"wpforms-335-field_1\">Nimi* <span class=\"wpforms-required-label\">*<\/span><\/label><input type=\"text\" id=\"wpforms-335-field_1\" class=\"wpforms-field-medium wpforms-field-required\" name=\"wpforms[fields][1]\" required><\/div><div id=\"wpforms-335-field_3-container\" class=\"wpforms-field wpforms-field-email\" data-field-id=\"3\"><label class=\"wpforms-field-label\" for=\"wpforms-335-field_3\">Email <span class=\"wpforms-required-label\">*<\/span><\/label><input type=\"email\" id=\"wpforms-335-field_3\" class=\"wpforms-field-medium wpforms-field-required\" name=\"wpforms[fields][3]\" spellcheck=\"false\" required><\/div><div id=\"wpforms-335-field_4-container\" class=\"wpforms-field wpforms-field-text\" data-field-id=\"4\"><label class=\"wpforms-field-label\" for=\"wpforms-335-field_4\">Puhelin<\/label><input type=\"text\" id=\"wpforms-335-field_4\" class=\"wpforms-field-medium\" name=\"wpforms[fields][4]\" ><\/div><div id=\"wpforms-335-field_5-container\" class=\"wpforms-field wpforms-field-text\" data-field-id=\"5\"><label class=\"wpforms-field-label\" for=\"wpforms-335-field_5\">Ainej\u00e4rjest\u00f6 \/ Yritys \/ Yksityishenkil\u00f6<\/label><input type=\"text\" id=\"wpforms-335-field_5\" class=\"wpforms-field-medium\" name=\"wpforms[fields][5]\" ><div class=\"wpforms-field-description\">Kirjoita t\u00e4h\u00e4n mit\u00e4 ainej\u00e4rjest\u00f6\u00e4 \/ yrityst\u00e4 edustat vai oletko yksityishenkil\u00f6<\/div><\/div><div id=\"wpforms-335-field_6-container\" class=\"wpforms-field wpforms-field-text\" data-field-id=\"6\"><label class=\"wpforms-field-label\" for=\"wpforms-335-field_6\">Mik\u00e4 tilaisuus on kyseess\u00e4? <span class=\"wpforms-required-label\">*<\/span><\/label><input type=\"text\" id=\"wpforms-335-field_6\" class=\"wpforms-field-medium wpforms-field-required\" name=\"wpforms[fields][6]\" required><div class=\"wpforms-field-description\">Esimerkiksi vuosijuhlat \/ pikkujoulut \/ h\u00e4\u00e4t yms.<\/div><\/div><div id=\"wpforms-335-field_7-container\" class=\"wpforms-field wpforms-field-text\" data-field-id=\"7\"><label class=\"wpforms-field-label\" for=\"wpforms-335-field_7\">Tilaisuuden p\u00e4iv\u00e4m\u00e4\u00e4r\u00e4 ja aika <span class=\"wpforms-required-label\">*<\/span><\/label><input type=\"text\" id=\"wpforms-335-field_7\" class=\"wpforms-field-medium wpforms-field-required\" name=\"wpforms[fields][7]\" required><div class=\"wpforms-field-description\">Esim. 1.1.2020 klo 18-24<\/div><\/div><div id=\"wpforms-335-field_8-container\" class=\"wpforms-field wpforms-field-text\" data-field-id=\"8\"><label class=\"wpforms-field-label\" for=\"wpforms-335-field_8\">Miss\u00e4 tilaisuus j\u00e4rjestet\u00e4\u00e4n? <span class=\"wpforms-required-label\">*<\/span><\/label><input type=\"text\" id=\"wpforms-335-field_8\" class=\"wpforms-field-medium wpforms-field-required\" name=\"wpforms[fields][8]\" required><div class=\"wpforms-field-description\">Esim. VPK-talolla<\/div><\/div><div id=\"wpforms-335-field_9-container\" class=\"wpforms-field wpforms-field-text\" data-field-id=\"9\"><label class=\"wpforms-field-label\" for=\"wpforms-335-field_9\">Kuinka kauan haluatte musiikkia soitettavan? <\/label><input type=\"text\" id=\"wpforms-335-field_9\" class=\"wpforms-field-medium\" name=\"wpforms[fields][9]\" ><div class=\"wpforms-field-description\">Esim. kaksi 45 minuutin setti\u00e4<\/div><\/div><div id=\"wpforms-335-field_10-container\" class=\"wpforms-field wpforms-field-text\" data-field-id=\"10\"><label class=\"wpforms-field-label\" for=\"wpforms-335-field_10\">Mink\u00e4laista musiikkia haluatte tilaisuuteenne?<\/label><input type=\"text\" id=\"wpforms-335-field_10\" class=\"wpforms-field-medium\" name=\"wpforms[fields][10]\" ><div class=\"wpforms-field-description\">Esim. Tangoa, jazzia, tanssimusiikkia<\/div><\/div><div id=\"wpforms-335-field_11-container\" class=\"wpforms-field wpforms-field-textarea widefield\" data-field-id=\"11\"><label class=\"wpforms-field-label\" for=\"wpforms-335-field_11\">Muita tarkentavia tietoja tai toivomuksia<\/label><textarea id=\"wpforms-335-field_11\" class=\"wpforms-field-medium\" name=\"wpforms[fields][11]\" ><\/textarea><\/div><\/div><!-- .wpforms-field-container --><div class=\"wpforms-field wpforms-field-hp\"><label for=\"wpforms-335-field-hp\" class=\"wpforms-field-label\">Website<\/label><input type=\"text\" name=\"wpforms[hp]\" id=\"wpforms-335-field-hp\" class=\"wpforms-field-medium\"><\/div><div class=\"wpforms-recaptcha-container wpforms-is-recaptcha\" ><div class=\"g-recaptcha\" data-sitekey=\"6LdJ0NcUAAAAAIYH6PPjAqy9XXlw3X0b9HJDc9P4\"><\/div><input type=\"text\" name=\"g-recaptcha-hidden\" class=\"wpforms-recaptcha-hidden\" style=\"position:absolute!important;clip:rect(0,0,0,0)!important;height:1px!important;width:1px!important;border:0!important;overflow:hidden!important;padding:0!important;margin:0!important;\" data-rule-recaptcha=\"1\"><\/div><div class=\"wpforms-submit-container\" ><input type=\"hidden\" name=\"wpforms[id]\" value=\"335\"><input type=\"hidden\" name=\"wpforms[author]\" value=\"5\"><button type=\"submit\" name=\"wpforms[submit]\" id=\"wpforms-submit-335\" class=\"wpforms-submit\" data-alt-text=\"Sending...\" data-submit-text=\"L\u00e4het\u00e4\" aria-live=\"assertive\" value=\"wpforms-submit\">L\u00e4het\u00e4<\/button><\/div><\/form><\/div>  <!-- .wpforms-container --><\/div><\/div><\/div><div id=\"pgc-171-0-1\"  class=\"panel-grid-cell\" ><div id=\"panel-171-0-1-0\" class=\"so-panel widget widget_sow-accordion panel-first-child panel-last-child\" data-index=\"1\" ><div id=\"keikkatilaus-yhteystiedot\" class=\"panel-widget-style panel-widget-style-for-171-0-1-0\" ><div\n\t\t\t\n\t\t\tclass=\"so-widget-sow-accordion so-widget-sow-accordion-default-239b74a90709-171\"\n\t\t\t\n\t\t><div>\n\t<div class=\"sow-accordion\">\n\t\t\t<div class=\"sow-accordion-panel sow-accordion-panel-open\"\n\t\t\t data-anchor=\"yhteystiedot\">\n\t\t\t\t<div class=\"sow-accordion-panel-header-container\" role=\"heading\" aria-level=\"2\">\n\t\t\t\t\t<div class=\"sow-accordion-panel-header\" tabindex=\"0\" role=\"button\" id=\"accordion-label-yhteystiedot\" aria-controls=\"accordion-content-yhteystiedot\" aria-expanded=\"true\">\n\t\t\t\t\t\t<div class=\"sow-accordion-title sow-accordion-title-icon-left\">\n\t\t\t\t\t\t\t\t\t\t\t\t\t\tYhteystiedot\t\t\t\t\t\t\t\t\t\t\t\t\t<\/div>\n\t\t\t\t\t\t<div class=\"sow-accordion-open-close-button\">\n\t\t\t\t\t\t\t<div class=\"sow-accordion-open-button\">\n\t\t\t\t\t\t\t\t<span class=\"sow-icon-ionicons\" data-sow-icon=\"&#xf218;\"\n\t\t \n\t\taria-hidden=\"true\"><\/span>\t\t\t\t\t\t\t<\/div>\n\t\t\t\t\t\t\t<div class=\"sow-accordion-close-button\">\n\t\t\t\t\t\t\t\t<span class=\"sow-icon-ionicons\" data-sow-icon=\"&#xf209;\"\n\t\t \n\t\taria-hidden=\"true\"><\/span>\t\t\t\t\t\t\t<\/div>\n\t\t\t\t\t\t<\/div>\n\t\t\t\t\t<\/div>\n\t\t\t\t<\/div>\n\n\t\t\t<div\n\t\t\t\tclass=\"sow-accordion-panel-content\"\n\t\t\t\trole=\"region\"\n\t\t\t\taria-labelledby=\"accordion-label-yhteystiedot\"\n\t\t\t\tid=\"accordion-content-yhteystiedot\"\n\t\t\t\t\t\t\t>\n\t\t\t\t<div class=\"sow-accordion-panel-border\" tabindex=\"0\">\n\t\t\t\t\t<h4>Tilaukset ja tiedustelut<\/h4>\n<p><a href=\"mailto:info@sohontorwet.com\">info@sohontorwet.com<\/a><br \/>\nElias Svegin<br \/>\n+358 40 178 2022<\/p>\n<h4>Postiosoitteemme<\/h4>\n<p>Sohon Torwet<br \/>\n<a href=\"https:\/\/goo.gl\/maps\/aapfPFj3vzi4BgHQ8\" target=\"_blank\" rel=\"noopener\">Rehtorinpellonkatu 4B<br \/>\n20500 Turku<\/a><\/p>\n<h4>Webmaster<\/h4>\n<p>Leo Rantalankila<br \/>\n<a href=\"mailto:nettivastaava@sohontorwet.com\">nettivastaava@sohontorwet.com<\/a><\/p>\n\t\t\t\t<\/div>\n\t\t\t<\/div>\n\t\t<\/div>\n\t\t\t<div class=\"sow-accordion-panel\"\n\t\t\t data-anchor=\"hallitus\">\n\t\t\t\t<div class=\"sow-accordion-panel-header-container\" role=\"heading\" aria-level=\"2\">\n\t\t\t\t\t<div class=\"sow-accordion-panel-header\" tabindex=\"0\" role=\"button\" id=\"accordion-label-hallitus\" aria-controls=\"accordion-content-hallitus\" aria-expanded=\"false\">\n\t\t\t\t\t\t<div class=\"sow-accordion-title sow-accordion-title-icon-left\">\n\t\t\t\t\t\t\t\t\t\t\t\t\t\tHallitus\t\t\t\t\t\t\t\t\t\t\t\t\t<\/div>\n\t\t\t\t\t\t<div class=\"sow-accordion-open-close-button\">\n\t\t\t\t\t\t\t<div class=\"sow-accordion-open-button\">\n\t\t\t\t\t\t\t\t<span class=\"sow-icon-ionicons\" data-sow-icon=\"&#xf218;\"\n\t\t \n\t\taria-hidden=\"true\"><\/span>\t\t\t\t\t\t\t<\/div>\n\t\t\t\t\t\t\t<div class=\"sow-accordion-close-button\">\n\t\t\t\t\t\t\t\t<span class=\"sow-icon-ionicons\" data-sow-icon=\"&#xf209;\"\n\t\t \n\t\taria-hidden=\"true\"><\/span>\t\t\t\t\t\t\t<\/div>\n\t\t\t\t\t\t<\/div>\n\t\t\t\t\t<\/div>\n\t\t\t\t<\/div>\n\n\t\t\t<div\n\t\t\t\tclass=\"sow-accordion-panel-content\"\n\t\t\t\trole=\"region\"\n\t\t\t\taria-labelledby=\"accordion-label-hallitus\"\n\t\t\t\tid=\"accordion-content-hallitus\"\n\t\t\t\tstyle=\"display: none;\"\t\t\t>\n\t\t\t\t<div class=\"sow-accordion-panel-border\" tabindex=\"0\">\n\t\t\t\t\t<h4>Puheenjohtaja<\/h4>\n<p>Elias Svegin<br \/>\n+358 40 178 2022<br \/>\n<a href=\"mailto:info@sohontorwet.com\">info@sohontorwet.com<\/a><\/p>\n<h4>Varapuhenjohtaja<\/h4>\n<p>Zako Mushahid<\/p>\n<p><a href=\"mailto:info@sohontorwet.com\">vpj@sohontorwet.com<\/a><\/p>\n<h4>Sihteeri<\/h4>\n<p>Kerttu Kronsieff<br \/>\n<a href=\"mailto:info@sohontorwet.com\">sihteeri@sohontorwet.com<\/a><\/p>\n<h4>Taloudenhoitaja<\/h4>\n<p>Emma Kiiveri<br \/>\n<a href=\"mailto:info@sohontorwet.com\">talous@sohontorwet.com<\/a><\/p>\n<h4>Tiedotusvastaava<\/h4>\n<p>Elias Svegin<\/p>\n\t\t\t\t<\/div>\n\t\t\t<\/div>\n\t\t<\/div>\n\t\t\t<div class=\"sow-accordion-panel\"\n\t\t\t data-anchor=\"taiteellinen-johto\">\n\t\t\t\t<div class=\"sow-accordion-panel-header-container\" role=\"heading\" aria-level=\"2\">\n\t\t\t\t\t<div class=\"sow-accordion-panel-header\" tabindex=\"0\" role=\"button\" id=\"accordion-label-taiteellinen-johto\" aria-controls=\"accordion-content-taiteellinen-johto\" aria-expanded=\"false\">\n\t\t\t\t\t\t<div class=\"sow-accordion-title sow-accordion-title-icon-left\">\n\t\t\t\t\t\t\t\t\t\t\t\t\t\tTaiteellinen johto\t\t\t\t\t\t\t\t\t\t\t\t\t<\/div>\n\t\t\t\t\t\t<div class=\"sow-accordion-open-close-button\">\n\t\t\t\t\t\t\t<div class=\"sow-accordion-open-button\">\n\t\t\t\t\t\t\t\t<span class=\"sow-icon-ionicons\" data-sow-icon=\"&#xf218;\"\n\t\t \n\t\taria-hidden=\"true\"><\/span>\t\t\t\t\t\t\t<\/div>\n\t\t\t\t\t\t\t<div class=\"sow-accordion-close-button\">\n\t\t\t\t\t\t\t\t<span class=\"sow-icon-ionicons\" data-sow-icon=\"&#xf209;\"\n\t\t \n\t\taria-hidden=\"true\"><\/span>\t\t\t\t\t\t\t<\/div>\n\t\t\t\t\t\t<\/div>\n\t\t\t\t\t<\/div>\n\t\t\t\t<\/div>\n\n\t\t\t<div\n\t\t\t\tclass=\"sow-accordion-panel-content\"\n\t\t\t\trole=\"region\"\n\t\t\t\taria-labelledby=\"accordion-label-taiteellinen-johto\"\n\t\t\t\tid=\"accordion-content-taiteellinen-johto\"\n\t\t\t\tstyle=\"display: none;\"\t\t\t>\n\t\t\t\t<div class=\"sow-accordion-panel-border\" tabindex=\"0\">\n\t\t\t\t\t<h4>Taiteellinen johtaja<\/h4>\n<p>Veikka J\u00e4nk\u00e4vaara<\/p>\n<h4>Apulaiskapellimestarit<\/h4>\n<p>Elias Svegin<\/p>\n<p>&nbsp;<\/p>\n<h4>Ota yhteytt\u00e4<\/h4>\n<p><a href=\"mailto:kapellimestarit@sohontorwet.com\">kapellimestarit@sohontorwet.com<\/a><\/p>\n\t\t\t\t<\/div>\n\t\t\t<\/div>\n\t\t<\/div>\n\t\t<\/div>\n<\/div>\n<\/div><\/div><\/div><\/div><\/div><\/div>","protected":false},"excerpt":{"rendered":"<p>Voit tilata Sohon Torwet t\u00e4ll\u00e4 lomakkeella. Jos haluat tutustua tarjontaamme, voit tehd\u00e4 sen t\u00e4\u00e4lt\u00e4.Please enable JavaScript in your browser to complete this form.Nimi* *Email *PuhelinAinej\u00e4rjest\u00f6 \/ Yritys \/ Yksityishenkil\u00f6Kirjoita t\u00e4h\u00e4n mit\u00e4 ainej\u00e4rjest\u00f6\u00e4 \/ yrityst\u00e4 edustat vai oletko yksityishenkil\u00f6Mik\u00e4 tilaisuus on kyseess\u00e4? *Esimerkiksi vuosijuhlat \/ pikkujoulut \/ h\u00e4\u00e4t yms.Tilaisuuden p\u00e4iv\u00e4m\u00e4\u00e4r\u00e4 ja aika *Esim. 1.1.2020 klo 18-24Miss\u00e4 [&hellip;]<\/p>\n","protected":false},"author":5,"featured_media":0,"parent":0,"menu_order":0,"comment_status":"closed","ping_status":"closed","template":"","meta":{"inline_featured_image":false,"footnotes":""},"_links":{"self":[{"href":"https:\/\/sohontorwet.com\/index.php?rest_route=\/wp\/v2\/pages\/171"}],"collection":[{"href":"https:\/\/sohontorwet.com\/index.php?rest_route=\/wp\/v2\/pages"}],"about":[{"href":"https:\/\/sohontorwet.com\/index.php?rest_route=\/wp\/v2\/types\/page"}],"author":[{"embeddable":true,"href":"https:\/\/sohontorwet.com\/index.php?rest_route=\/wp\/v2\/users\/5"}],"replies":[{"embeddable":true,"href":"https:\/\/sohontorwet.com\/index.php?rest_route=%2Fwp%2Fv2%2Fcomments&post=171"}],"version-history":[{"count":29,"href":"https:\/\/sohontorwet.com\/index.php?rest_route=\/wp\/v2\/pages\/171\/revisions"}],"predecessor-version":[{"id":2387,"href":"https:\/\/sohontorwet.com\/index.php?rest_route=\/wp\/v2\/pages\/171\/revisions\/2387"}],"wp:attachment":[{"href":"https:\/\/sohontorwet.com\/index.php?rest_route=%2Fwp%2Fv2%2Fmedia&parent=171"}],"curies":[{"name":"wp","href":"https:\/\/api.w.org\/{rel}","templated":true}]}}