{"id":2007,"date":"2020-03-24T22:18:37","date_gmt":"2020-03-24T20:18:37","guid":{"rendered":"http:\/\/sohontorwet.com\/?page_id=2007"},"modified":"2021-10-19T14:55:12","modified_gmt":"2021-10-19T12:55:12","slug":"news","status":"publish","type":"page","link":"https:\/\/sohontorwet.com\/?page_id=2007&lang=en","title":{"rendered":"NEWS"},"content":{"rendered":"<div id=\"pl-2007\"  class=\"panel-layout\" ><div id=\"pg-2007-0\"  class=\"panel-grid panel-has-style\" ><div class=\"panel-row-style panel-row-style-for-2007-0\" ><div id=\"pgc-2007-0-0\"  class=\"panel-grid-cell\" ><div id=\"panel-2007-0-0-0\" class=\"so-panel widget widget_sow-editor panel-first-child panel-last-child\" data-index=\"0\" ><div\n\t\t\t\n\t\t\tclass=\"so-widget-sow-editor so-widget-sow-editor-base\"\n\t\t\t\n\t\t>\n<div class=\"siteorigin-widget-tinymce textwidget\">\n\t<div class=\"cff-wrapper\"><div class=\"cff-wrapper-ctn \"  style=\"padding:20px;background-color:#952131;\" ><div id=\"cff\"  class=\"cff cff-list-container fb_feed cff-default-styles  cff-mob-cols-1 cff-tab-cols-1\"   style=\"width:100%;\"   data-char=\"400\" ><div class=\"cff-error-msg\">\n\t<div>\n\t\t<i class=\"fa fa-lock\" aria-hidden=\"true\" style=\"margin-right: 5px;\"><\/i><b>This message is only visible to admins.<\/b><br\/>\n\t\tProblem displaying Facebook posts. Backup cache in use.\t\t\t\t\t<br\/><a href=\"javascript:void(0);\" id=\"cff-show-error\" onclick=\"cffShowError()\">Click to show error<\/a>\n\t\t\t<script type=\"text\/javascript\">function cffShowError() { document.getElementById(\"cff-error-reason\").style.display = \"block\"; document.getElementById(\"cff-show-error\").style.display = \"none\"; }<\/script>\n\t\t\t<\/div>\n\t\t\t<div id=\"cff-error-reason\">\n\t\t\t\t\t\t\t\t\t<b>Error:<\/b> Error validating access token: The session has been invalidated because the user changed their password or Facebook has changed the session for security reasons.\t\t\t\t\t\t\t\t\t\t\t\t\t<b>Type:<\/b> OAuthException\t\t\t\t\t\t\t\t\t\t\t\t\t\t\t\t\t\t\t\t\t\t\t\t\t\t\t\t\n\t\t\t<\/div>\n\t\t\t\t\n<\/div>\n<div class=\"cff-posts-wrap cff-posts-wrap-box-shadow\"><\/div><input class=\"cff-pag-url\" type=\"hidden\" data-locatornonce=\"7a697e1a1d\" data-cff-shortcode=\"\" data-post-id=\"2007\" data-feed-id=\"207587769334757\"><\/div><\/div><div class=\"cff-clear\"><\/div><\/div><style>#cff .cff-post-text a{ color: #9f96ff; }<\/style>\n<\/div>\n<\/div><\/div><\/div><div id=\"pgc-2007-0-1\"  class=\"panel-grid-cell\" ><div id=\"panel-2007-0-1-0\" class=\"so-panel widget widget_sow-accordion panel-first-child\" data-index=\"1\" ><div id=\"events_accordion\" class=\"panel-widget-style panel-widget-style-for-2007-0-1-0\" ><div\n\t\t\t\n\t\t\tclass=\"so-widget-sow-accordion so-widget-sow-accordion-default-5e3c6d27ac72-2007\"\n\t\t\t\n\t\t><h3 class=\"widget-title\">Tulevat tapahtumat<\/h3><div>\n\t<div class=\"sow-accordion\">\n\t\t\t<div class=\"sow-accordion-panel sow-accordion-panel-open\"\n\t\t\t data-anchor=\"syksyll%c3%a4-j%c3%a4rjestett%c3%a4v%c3%a4-kev%c3%a4tkonsertti-2021\">\n\t\t\t\t<div class=\"sow-accordion-panel-header-container\" role=\"heading\" aria-level=\"2\">\n\t\t\t\t\t<div class=\"sow-accordion-panel-header\" tabindex=\"0\" role=\"button\" id=\"accordion-label-syksyll%c3%a4-j%c3%a4rjestett%c3%a4v%c3%a4-kev%c3%a4tkonsertti-2021\" aria-controls=\"accordion-content-syksyll%c3%a4-j%c3%a4rjestett%c3%a4v%c3%a4-kev%c3%a4tkonsertti-2021\" aria-expanded=\"true\">\n\t\t\t\t\t\t<div class=\"sow-accordion-title sow-accordion-title-icon-left\">\n\t\t\t\t\t\t\t\t\t\t\t\t\t\tSyksyll\u00e4 j\u00e4rjestett\u00e4v\u00e4 kev\u00e4tkonsertti 2021\t\t\t\t\t\t\t\t\t\t\t\t\t<\/div>\n\t\t\t\t\t\t<div class=\"sow-accordion-open-close-button\">\n\t\t\t\t\t\t\t<div class=\"sow-accordion-open-button\">\n\t\t\t\t\t\t\t\t<span class=\"sow-icon-ionicons\" data-sow-icon=\"&#xf218;\"\n\t\t \n\t\taria-hidden=\"true\"><\/span>\t\t\t\t\t\t\t<\/div>\n\t\t\t\t\t\t\t<div class=\"sow-accordion-close-button\">\n\t\t\t\t\t\t\t\t<span class=\"sow-icon-ionicons\" data-sow-icon=\"&#xf209;\"\n\t\t \n\t\taria-hidden=\"true\"><\/span>\t\t\t\t\t\t\t<\/div>\n\t\t\t\t\t\t<\/div>\n\t\t\t\t\t<\/div>\n\t\t\t\t<\/div>\n\n\t\t\t<div\n\t\t\t\tclass=\"sow-accordion-panel-content\"\n\t\t\t\trole=\"region\"\n\t\t\t\taria-labelledby=\"accordion-label-syksyll%c3%a4-j%c3%a4rjestett%c3%a4v%c3%a4-kev%c3%a4tkonsertti-2021\"\n\t\t\t\tid=\"accordion-content-syksyll%c3%a4-j%c3%a4rjestett%c3%a4v%c3%a4-kev%c3%a4tkonsertti-2021\"\n\t\t\t\t\t\t\t>\n\t\t\t\t<div class=\"sow-accordion-panel-border\" tabindex=\"0\">\n\t\t\t\t\t<!--Muotoilu - kopioi kommentista hakasulkeissa oleva p\u00e4tk\u00e4 ja kirjoita hakasulkeiden v\u00e4liin mit\u00e4 haluat n\u00e4kyv\u00e4n sivulla.-->\n<!--Kopioi t\u00e4m\u00e4 tekstipohja uuden postin pohjaksi.-->\n<!--Otsikko<h1 style=\"text-align: center;\"> -->\n<!--V\u00e4liotsikko<h3 style=\"text-align: center;\"> -->\n<!--Leip\u00e4teksti<p style=\"text-align: center;\"> -->\n\n<!-------------->\n\n<h1 style=\"text-align: center;\">Syksyll\u00e4 j\u00e4rjestett\u00e4v\u00e4 kev\u00e4tkonsertti 2021<\/h1>\n&nbsp;\n<p style=\"text-align: center;\">Turun yliopiston puhallinorkesterin Sohon Torwien kauan odotettu ja kaivattu syksyll\u00e4 j\u00e4rjestett\u00e4v\u00e4 kev\u00e4tkonsertti on viimein t\u00e4\u00e4ll\u00e4! Konsertti j\u00e4rjestet\u00e4\u00e4n t\u00e4n\u00e4 vuonna Kristoffer-salissa Naantalissa 23.10.2021. Tuttuun tapaan konsertti alkaa tasan kello 16.04. Tavasta poiketen konsertti ei koostu kahdesta puoliajasta, vaan orkesteri viihdytt\u00e4\u00e4 kuulijoita yhdell\u00e4 noin 60 minuuttia kest\u00e4v\u00e4ll\u00e4 esityksell\u00e4, joka pit\u00e4\u00e4 sis\u00e4ll\u00e4\u00e4n laajan kirjon erilaista musiikkia.\n<br \/><br \/>\nOhjelmisto pit\u00e4\u00e4 sis\u00e4ll\u00e4\u00e4n tunnettuja hittej\u00e4 kuten Queen-yhtyeen Bohemian Rhapsody ja Abban Money Money Money. Orkesterin s\u00e4est\u00e4m\u00e4\u00e4 laulua p\u00e4\u00e4see kuuntelemaan teoksessa Lulu, jossa solistina toimii Veera Aliska, sek\u00e4 teoksessa Lapin tango, jossa solistina Markus Vatka. Upeaa rumpusooloa p\u00e4\u00e4see esittelem\u00e4\u00e4n vauhdikkaassa Sing Sing Sing -kappaleessa Matti Juhanoja.\n<br \/><br \/>\nOrkesteria johtavat Sohon Torwien taiteellinen johtaja Antti Kauppinen sek\u00e4 apulaiskapellimestari Leo Rantalankila.\n<br \/><br \/>\nPeruslipun hinta on 15\u20ac ja kannatuslipun hinta 20\u20ac.\n<br \/><br \/>\nLippuja voi varata Sohon Torwilta ja s\u00e4hk\u00f6postilla osoitteesta liput@sohontorwet.com\n<br \/><br \/><br \/>\nLis\u00e4tietoja <a href=\"https:\/\/www.facebook.com\/events\/253170046702384\/?ref=newsfeed\" target=\"_blank\" rel=\"noopener\">Facebookissa<\/a><\/p>\n<br \/>\n<a href=\"https:\/\/www.facebook.com\/events\/253170046702384\/?ref=newsfeed\"><img loading=\"lazy\" decoding=\"async\" src=\"http:\/\/sohontorwet.com\/wp-content\/uploads\/2021\/10\/245936589_280550464070391_5551982560487008481_n-724x1024.jpg\" alt=\"\" width=\"640\" height=\"905\" class=\"aligncenter size-large wp-image-2082\" srcset=\"https:\/\/sohontorwet.com\/wp-content\/uploads\/2021\/10\/245936589_280550464070391_5551982560487008481_n-724x1024.jpg 724w, https:\/\/sohontorwet.com\/wp-content\/uploads\/2021\/10\/245936589_280550464070391_5551982560487008481_n-212x300.jpg 212w, https:\/\/sohontorwet.com\/wp-content\/uploads\/2021\/10\/245936589_280550464070391_5551982560487008481_n-768x1086.jpg 768w, https:\/\/sohontorwet.com\/wp-content\/uploads\/2021\/10\/245936589_280550464070391_5551982560487008481_n.jpg 1054w\" sizes=\"(max-width: 640px) 100vw, 640px\" \/><\/a>\t\t\t\t<\/div>\n\t\t\t<\/div>\n\t\t<\/div>\n\t\t\t<div class=\"sow-accordion-panel\"\n\t\t\t data-anchor=\"lauantaina-18-4-2020-kev%c3%a4tkonsertti\">\n\t\t\t\t<div class=\"sow-accordion-panel-header-container\" role=\"heading\" aria-level=\"2\">\n\t\t\t\t\t<div class=\"sow-accordion-panel-header\" tabindex=\"0\" role=\"button\" id=\"accordion-label-lauantaina-18-4-2020-kev%c3%a4tkonsertti\" aria-controls=\"accordion-content-lauantaina-18-4-2020-kev%c3%a4tkonsertti\" aria-expanded=\"false\">\n\t\t\t\t\t\t<div class=\"sow-accordion-title sow-accordion-title-icon-left\">\n\t\t\t\t\t\t\t\t\t\t\t\t\t\tLauantaina 18.4.2020 Kev\u00e4tkonsertti\t\t\t\t\t\t\t\t\t\t\t\t\t<\/div>\n\t\t\t\t\t\t<div class=\"sow-accordion-open-close-button\">\n\t\t\t\t\t\t\t<div class=\"sow-accordion-open-button\">\n\t\t\t\t\t\t\t\t<span class=\"sow-icon-ionicons\" data-sow-icon=\"&#xf218;\"\n\t\t \n\t\taria-hidden=\"true\"><\/span>\t\t\t\t\t\t\t<\/div>\n\t\t\t\t\t\t\t<div class=\"sow-accordion-close-button\">\n\t\t\t\t\t\t\t\t<span class=\"sow-icon-ionicons\" data-sow-icon=\"&#xf209;\"\n\t\t \n\t\taria-hidden=\"true\"><\/span>\t\t\t\t\t\t\t<\/div>\n\t\t\t\t\t\t<\/div>\n\t\t\t\t\t<\/div>\n\t\t\t\t<\/div>\n\n\t\t\t<div\n\t\t\t\tclass=\"sow-accordion-panel-content\"\n\t\t\t\trole=\"region\"\n\t\t\t\taria-labelledby=\"accordion-label-lauantaina-18-4-2020-kev%c3%a4tkonsertti\"\n\t\t\t\tid=\"accordion-content-lauantaina-18-4-2020-kev%c3%a4tkonsertti\"\n\t\t\t\tstyle=\"display: none;\"\t\t\t>\n\t\t\t\t<div class=\"sow-accordion-panel-border\" tabindex=\"0\">\n\t\t\t\t\t<h1 style=\"text-align: center;\">PERUUTETTU<\/h1>\n<h2 style=\"text-align: center;\">\/<\/h2>\n<h3 style=\"text-align: center;\">SIIRRETTY M\u00c4\u00c4RITT\u00c4M\u00c4TT\u00d6M\u00c4\u00c4N AJANKOHTAAN TULEVAISUUDESSA<\/h3>\n&nbsp;\n<p style=\"text-align: center;\">Covid 19-epidemian sek\u00e4 Valtioneuvoston linjauksien mukaisesti kaikki yli 10 henkil\u00f6n kokoontumiset ja sit\u00e4 suuremmalla syyll\u00e4 yleis\u00f6tapahtumat on peruttu. Luonnollisesti t\u00e4m\u00e4 koskee my\u00f6s Sohon Torwien Kev\u00e4tkonserttia. Kev\u00e4tkonsertin uudesta ajankohdasta ilmoitetaan ainakin <a href=\"https:\/\/www.facebook.com\/SohonTorwet\" target=\"_blank\" rel=\"noopener\">Facebookissa<\/a> ja t\u00e4\u00e4ll\u00e4, sitten kun tulevan vuosi epidemian ja Valtioneuvoston suunnitelmien osalta selkeytyy.<\/p>\t\t\t\t<\/div>\n\t\t\t<\/div>\n\t\t<\/div>\n\t\t<\/div>\n<\/div>\n<\/div><\/div><\/div><div id=\"panel-2007-0-1-1\" class=\"so-panel widget widget_sow-accordion panel-last-child\" data-index=\"2\" ><div id=\"events_accordion\" class=\"panel-widget-style panel-widget-style-for-2007-0-1-1\" ><div\n\t\t\t\n\t\t\tclass=\"so-widget-sow-accordion so-widget-sow-accordion-default-5e3c6d27ac72-2007\"\n\t\t\t\n\t\t><h3 class=\"widget-title\">Menneet tapahtumat<\/h3><div>\n\t<div class=\"sow-accordion\">\n\t\t\t<div class=\"sow-accordion-panel\"\n\t\t\t data-anchor=\"tervetuloa-turun-puhallukseen-2019\">\n\t\t\t\t<div class=\"sow-accordion-panel-header-container\" role=\"heading\" aria-level=\"2\">\n\t\t\t\t\t<div class=\"sow-accordion-panel-header\" tabindex=\"0\" role=\"button\" id=\"accordion-label-tervetuloa-turun-puhallukseen-2019\" aria-controls=\"accordion-content-tervetuloa-turun-puhallukseen-2019\" aria-expanded=\"false\">\n\t\t\t\t\t\t<div class=\"sow-accordion-title sow-accordion-title-icon-left\">\n\t\t\t\t\t\t\t\t\t\t\t\t\t\tTervetuloa Turun Puhallukseen 2019!\t\t\t\t\t\t\t\t\t\t\t\t\t<\/div>\n\t\t\t\t\t\t<div class=\"sow-accordion-open-close-button\">\n\t\t\t\t\t\t\t<div class=\"sow-accordion-open-button\">\n\t\t\t\t\t\t\t\t<span class=\"sow-icon-ionicons\" data-sow-icon=\"&#xf218;\"\n\t\t \n\t\taria-hidden=\"true\"><\/span>\t\t\t\t\t\t\t<\/div>\n\t\t\t\t\t\t\t<div class=\"sow-accordion-close-button\">\n\t\t\t\t\t\t\t\t<span class=\"sow-icon-ionicons\" data-sow-icon=\"&#xf209;\"\n\t\t \n\t\taria-hidden=\"true\"><\/span>\t\t\t\t\t\t\t<\/div>\n\t\t\t\t\t\t<\/div>\n\t\t\t\t\t<\/div>\n\t\t\t\t<\/div>\n\n\t\t\t<div\n\t\t\t\tclass=\"sow-accordion-panel-content\"\n\t\t\t\trole=\"region\"\n\t\t\t\taria-labelledby=\"accordion-label-tervetuloa-turun-puhallukseen-2019\"\n\t\t\t\tid=\"accordion-content-tervetuloa-turun-puhallukseen-2019\"\n\t\t\t\tstyle=\"display: none;\"\t\t\t>\n\t\t\t\t<div class=\"sow-accordion-panel-border\" tabindex=\"0\">\n\t\t\t\t\t<h3><span style=\"font-weight: 400;\">Mik\u00e4: Turun paras opiskelijapuhallinmusiikkifestivaali vuonna 2019!<\/span><\/h3>\n<h3><span style=\"font-weight: 400;\">Miss\u00e4: Suomen Turun keskusta<\/span><\/h3>\n<h3><span style=\"font-weight: 400;\">Milloin: 20-22.9.2019<\/span><\/h3>\n<h1><span style=\"font-weight: 400;\">Puhallus lyhyesti<\/span><\/h1>\n<p><span style=\"font-weight: 400;\">Puhallus on joka toinen vuosi j\u00e4rjestett\u00e4v\u00e4 opiskelijapuhallinmusiikkifestivaali, jossa kokoontuvat yhteen Suomen yliopistokaupunkien parhaat ja ainoat puhallin- ja big band-kokoonpanot. Festivaalilla on aktiivisia vuosia takanaan yli 20, ja kunnia vuoden 2019 tapahtuman j\u00e4rjest\u00e4misest\u00e4 on annettu turkulaisille Sohon Torwille ja Axelbandetille - jo kolmatta kertaa Puhalluksen historiassa.\u00a0<\/span><\/p>\n<p><span style=\"font-weight: 400;\">Puhallusmatematiikan laudaturiin kuuluu nii hauskanpito ja uusiin soittajiin tutustuminen orkesterien ja kuuntelijoiden v\u00e4lill\u00e4, kuin my\u00f6s eri kaupungeista tulevien orkesterien ohjelmiston parhaimmiston esitteleminen turkulaisille kuuntelijoille. Opiskelijakulttuuriin kuuluvaa juhlimista ja laulamista ei olla niit\u00e4k\u00e4\u00e4n unohdettu, ja t\u00e4n\u00e4 vuonna Puhallustoimikunta tarjoaa festivaalin osallistujille sek\u00e4 mehukkaat Torwisitsit, ett\u00e4 asiaankuuluvan juomalaulukirjan.<\/span><\/p>\n<p><span style=\"font-weight: 400;\">Turussa on vahva ja wanha opiskelijaperinne. Ketter\u00e4n koulumajoituksen lis\u00e4ksi osallistujia hemmotellaan t\u00e4ss\u00e4 vaiheessa viel\u00e4 salaisilla, mutta sit\u00e4kin historiallisemmilla ja n\u00e4ytt\u00e4vill\u00e4 juhla- ja jatkopaikoilla. Jatkoja s\u00e4est\u00e4\u00e4 luonnollisesti orkestereiden omista riveist\u00e4 koottu laadukas bileb\u00e4ndi, ja liikkeell\u00e4 on ollut my\u00f6s huhupuheita jatkojen jatkoista ja jameista.. T\u00e4t\u00e4 et halua (t\u00e4ll\u00e4k\u00e4\u00e4n) kertaa missata.<\/span><\/p>\n<p><span style=\"font-weight: 400;\">Soittajana p\u00e4\u00e4set nauttimaan mielenkiintoisista soittopaikoista. Lauantai-illan p\u00e4\u00e4konsertti j\u00e4rjestet\u00e4\u00e4n romanttisessa Domino-teatterissa, joka on ennen Linnateatterin omistukseen siirtymist\u00e4\u00e4n toiminut muun muassa yhten\u00e4 Turun ikonisimmista elokuvateattereista. Dominossa on A-oikeudet.<\/span><\/p>\n<p><span style=\"font-weight: 400;\">Lauantai-p\u00e4iv\u00e4ll\u00e4 puhallinmusiikinn\u00e4lk\u00e4iset taas p\u00e4\u00e4sev\u00e4t seuraamaan orkestereiden esiintymisi\u00e4 Turun kirjastojen v\u00e4litt\u00f6m\u00e4ss\u00e4 l\u00e4heisyydess\u00e4.<br \/>\n<\/span><\/p>\n<p><img loading=\"lazy\" decoding=\"async\" class=\"puhallus alignnone\" style=\"padding: 15px;\" src=\"http:\/\/sohontorwet.com\/wp-content\/uploads\/2020\/03\/Py\u00f6re\u00e4-logomerkki.png\" alt=\"\" width=\"600\" height=\"600\" \/><\/p>\n<p>Lis\u00e4tietoja: <a href=\"https:\/\/www.facebook.com\/Puhallusfestivaali\/\" target=\"_blank\" rel=\"noopener\">https:\/\/www.facebook.com\/Puhallusfestivaali\/<\/a><\/p>\n<p><a href=\"https:\/\/www.instagram.com\/puhallusfestivaali\/\" target=\"_blank\" rel=\"noopener\">https:\/\/www.instagram.com\/puhallusfestivaali\/<\/a><\/p>\n<p>Orkesterien esittelyvideot n\u00e4ht\u00e4viss\u00e4:<\/p>\n<p><a href=\"https:\/\/www.youtube.com\/channel\/UCkv1h1G2-TKFHEyK7buNbWg\/videos?view_as=subscriber\" target=\"_blank\" rel=\"noopener\">https:\/\/www.youtube.com\/channel\/UCkv1h1G2-TKFHEyK7buNbWg\/videos?view_as=subscriber<\/a><\/p>\n\t\t\t\t<\/div>\n\t\t\t<\/div>\n\t\t<\/div>\n\t\t<\/div>\n<\/div>\n<\/div><\/div><\/div><\/div><\/div><\/div><\/div>","protected":false},"excerpt":{"rendered":"<p>This message is only visible to admins. Problem displaying Facebook posts. Backup cache in use. Click to show error Error: Error validating access token: The session has been invalidated because the user changed their password or Facebook has changed the session for security reasons. Type: OAuthException Tulevat tapahtumat Syksyll\u00e4 j\u00e4rjestett\u00e4v\u00e4 kev\u00e4tkonsertti 2021 Syksyll\u00e4 j\u00e4rjestett\u00e4v\u00e4 kev\u00e4tkonsertti [&hellip;]<\/p>\n","protected":false},"author":4,"featured_media":0,"parent":0,"menu_order":0,"comment_status":"closed","ping_status":"closed","template":"","meta":{"inline_featured_image":false,"footnotes":""},"_links":{"self":[{"href":"https:\/\/sohontorwet.com\/index.php?rest_route=\/wp\/v2\/pages\/2007"}],"collection":[{"href":"https:\/\/sohontorwet.com\/index.php?rest_route=\/wp\/v2\/pages"}],"about":[{"href":"https:\/\/sohontorwet.com\/index.php?rest_route=\/wp\/v2\/types\/page"}],"author":[{"embeddable":true,"href":"https:\/\/sohontorwet.com\/index.php?rest_route=\/wp\/v2\/users\/4"}],"replies":[{"embeddable":true,"href":"https:\/\/sohontorwet.com\/index.php?rest_route=%2Fwp%2Fv2%2Fcomments&post=2007"}],"version-history":[{"count":7,"href":"https:\/\/sohontorwet.com\/index.php?rest_route=\/wp\/v2\/pages\/2007\/revisions"}],"predecessor-version":[{"id":2084,"href":"https:\/\/sohontorwet.com\/index.php?rest_route=\/wp\/v2\/pages\/2007\/revisions\/2084"}],"wp:attachment":[{"href":"https:\/\/sohontorwet.com\/index.php?rest_route=%2Fwp%2Fv2%2Fmedia&parent=2007"}],"curies":[{"name":"wp","href":"https:\/\/api.w.org\/{rel}","templated":true}]}}