{"id":62,"date":"2020-02-10T15:39:53","date_gmt":"2020-02-10T15:39:53","guid":{"rendered":"http:\/\/sohontorwet.com\/?page_id=62"},"modified":"2023-02-04T00:09:20","modified_gmt":"2023-02-03T22:09:20","slug":"ajankohtaista","status":"publish","type":"page","link":"https:\/\/sohontorwet.com\/?page_id=62","title":{"rendered":"Ajankohtaista"},"content":{"rendered":"<div id=\"pl-62\"  class=\"panel-layout\" ><div id=\"pg-62-0\"  class=\"panel-grid panel-has-style\" ><div class=\"panel-row-style panel-row-style-for-62-0\" ><div id=\"pgc-62-0-0\"  class=\"panel-grid-cell\" ><div id=\"panel-62-0-0-0\" class=\"so-panel widget widget_sow-editor panel-first-child panel-last-child\" data-index=\"0\" ><div\n\t\t\t\n\t\t\tclass=\"so-widget-sow-editor so-widget-sow-editor-base\"\n\t\t\t\n\t\t>\n<div class=\"siteorigin-widget-tinymce textwidget\">\n\t<div class=\"cff-wrapper\"><div class=\"cff-wrapper-ctn \"  style=\"padding:20px;background-color:#952131;\" ><div id=\"cff\"  class=\"cff cff-list-container fb_feed cff-default-styles  cff-mob-cols-1 cff-tab-cols-1\"   style=\"width:100%;\"   data-char=\"400\" ><div class=\"cff-error-msg\">\n\t<div>\n\t\t<i class=\"fa fa-lock\" aria-hidden=\"true\" style=\"margin-right: 5px;\"><\/i><b>This message is only visible to admins.<\/b><br\/>\n\t\tProblem displaying Facebook posts. Backup cache in use.\t\t\t\t\t<br\/><a href=\"javascript:void(0);\" id=\"cff-show-error\" onclick=\"cffShowError()\">Click to show error<\/a>\n\t\t\t<script type=\"text\/javascript\">function cffShowError() { document.getElementById(\"cff-error-reason\").style.display = \"block\"; document.getElementById(\"cff-show-error\").style.display = \"none\"; }<\/script>\n\t\t\t<\/div>\n\t\t\t<div id=\"cff-error-reason\">\n\t\t\t\t\t\t\t\t\t<b>Error:<\/b> Error validating access token: The session has been invalidated because the user changed their password or Facebook has changed the session for security reasons.\t\t\t\t\t\t\t\t\t\t\t\t\t<b>Type:<\/b> OAuthException\t\t\t\t\t\t\t\t\t\t\t\t\t\t\t\t\t\t\t\t\t\t\t\t\t\t\t\t\n\t\t\t<\/div>\n\t\t\t\t\n<\/div>\n<div class=\"cff-posts-wrap cff-posts-wrap-box-shadow\"><\/div><input class=\"cff-pag-url\" type=\"hidden\" data-locatornonce=\"c40b714dba\" data-cff-shortcode=\"\" data-post-id=\"62\" data-feed-id=\"207587769334757\"><\/div><\/div><div class=\"cff-clear\"><\/div><\/div><style>#cff .cff-post-text a{ color: #9f96ff; }<\/style>\n<\/div>\n<\/div><\/div><\/div><div id=\"pgc-62-0-1\"  class=\"panel-grid-cell\" ><div id=\"panel-62-0-1-0\" class=\"so-panel widget widget_sow-headline panel-first-child\" data-index=\"1\" ><div\n\t\t\t\n\t\t\tclass=\"so-widget-sow-headline so-widget-sow-headline-default-079e04e89daf-62\"\n\t\t\t\n\t\t><div class=\"sow-headline-container \">\n\t<h1 class='sow-headline'>Tapahtumia Torwissa!<\/h1>\t\t\t\t\t<div class=\"decoration\">\n\t\t\t\t\t\t<div class=\"decoration-inside\"><\/div>\n\t\t\t\t\t<\/div>\n\t\t\t\t\t<h3 class='sow-sub-headline'>Paina otsikkoja alta n\u00e4hd\u00e4ksesi lis\u00e4\u00e4!<\/h3><\/div>\n<\/div><\/div><div id=\"panel-62-0-1-1\" class=\"so-panel widget widget_sow-accordion panel-last-child\" data-index=\"2\" ><div id=\"events_accordion\" class=\"panel-widget-style panel-widget-style-for-62-0-1-1\" ><div\n\t\t\t\n\t\t\tclass=\"so-widget-sow-accordion so-widget-sow-accordion-default-5e3c6d27ac72-62\"\n\t\t\t\n\t\t><div>\n\t<div class=\"sow-accordion\">\n\t\t\t<div class=\"sow-accordion-panel\"\n\t\t\t data-anchor=\"sohon-torwien-syksyll%c3%a4-j%c3%a4rjestett%c3%a4v%c3%a4-701-vuotis-juhlakev%c3%a4tkonsertti-2022\">\n\t\t\t\t<div class=\"sow-accordion-panel-header-container\" role=\"heading\" aria-level=\"2\">\n\t\t\t\t\t<div class=\"sow-accordion-panel-header\" tabindex=\"0\" role=\"button\" id=\"accordion-label-sohon-torwien-syksyll%c3%a4-j%c3%a4rjestett%c3%a4v%c3%a4-701-vuotis-juhlakev%c3%a4tkonsertti-2022\" aria-controls=\"accordion-content-sohon-torwien-syksyll%c3%a4-j%c3%a4rjestett%c3%a4v%c3%a4-701-vuotis-juhlakev%c3%a4tkonsertti-2022\" aria-expanded=\"false\">\n\t\t\t\t\t\t<div class=\"sow-accordion-title sow-accordion-title-icon-left\">\n\t\t\t\t\t\t\t\t\t\t\t\t\t\tSohon Torwien syksyll\u00e4 j\u00e4rjestett\u00e4v\u00e4 70+1- vuotis juhlakev\u00e4tkonsertti 2022\t\t\t\t\t\t\t\t\t\t\t\t\t<\/div>\n\t\t\t\t\t\t<div class=\"sow-accordion-open-close-button\">\n\t\t\t\t\t\t\t<div class=\"sow-accordion-open-button\">\n\t\t\t\t\t\t\t\t<span class=\"sow-icon-ionicons\" data-sow-icon=\"&#xf218;\"\n\t\t \n\t\taria-hidden=\"true\"><\/span>\t\t\t\t\t\t\t<\/div>\n\t\t\t\t\t\t\t<div class=\"sow-accordion-close-button\">\n\t\t\t\t\t\t\t\t<span class=\"sow-icon-ionicons\" data-sow-icon=\"&#xf209;\"\n\t\t \n\t\taria-hidden=\"true\"><\/span>\t\t\t\t\t\t\t<\/div>\n\t\t\t\t\t\t<\/div>\n\t\t\t\t\t<\/div>\n\t\t\t\t<\/div>\n\n\t\t\t<div\n\t\t\t\tclass=\"sow-accordion-panel-content\"\n\t\t\t\trole=\"region\"\n\t\t\t\taria-labelledby=\"accordion-label-sohon-torwien-syksyll%c3%a4-j%c3%a4rjestett%c3%a4v%c3%a4-701-vuotis-juhlakev%c3%a4tkonsertti-2022\"\n\t\t\t\tid=\"accordion-content-sohon-torwien-syksyll%c3%a4-j%c3%a4rjestett%c3%a4v%c3%a4-701-vuotis-juhlakev%c3%a4tkonsertti-2022\"\n\t\t\t\tstyle=\"display: none;\"\t\t\t>\n\t\t\t\t<div class=\"sow-accordion-panel-border\" tabindex=\"0\">\n\t\t\t\t\t<h1 style=\"text-align: center;\">Turun yliopiston puhallinorkesteri Sohon Torwet haluaa toivottaa Teid\u00e4t l\u00e4mpim\u00e4sti tervetulleeksi Sohon Torwien syksyll\u00e4 j\u00e4rjestett\u00e4v\u00e4\u00e4n 70+1-vuotisjuhlakev\u00e4tkonserttiin!<\/h1>\n<p style=\"text-align: center;\">T\u00e4n\u00e4 vuonna palaamme taas tuttuun tapaan konsertoimaan Sigyn-saliin. Konserttip\u00e4iv\u00e4 on lauantaina 22.10.2022 ja torwet soivat perinteen mukaisesti kello 16.04.<br \/>\nOhjelmisto on hiottu juhlan kunniaksi huippukuntoon ja sis\u00e4lt\u00e4\u00e4 kirjavan kattauksen musiikkia jokaiseen makuun. Ensimm\u00e4isell\u00e4, klassisella puoliajalla yleis\u00f6n korvia hivelev\u00e4t muun muassa Holstin First suite in E\u266d, Ravellin Bolero ja Sibeliuksen Finlandia. Toisella, kevyell\u00e4 puoliajalla taas p\u00e4\u00e4st\u00e4\u00e4n kuulemaan orkesterin loistavia laulu- ja soitinsolisteja kappaleissa Kes\u00e4n muistatko sen, Moon river sek\u00e4 Pure mua. Villiss\u00e4 potpurissa Eye of the Paranoid voi yleis\u00f6 yritt\u00e4\u00e4 laskea mukana, kuinka monta kappaletta yhteen sovitukseen voi mahduttaa.<\/p>\n<p style=\"text-align: center;\">Orkesteria johtavat Sohon Torwien taiteellinen johtaja Antti Kauppinen sek\u00e4 apulaiskapellimestarit Leo Rantalankila ja Samuli Nieminen.<\/p>\n<p style=\"text-align: center;\">Lipun hinta on opiskelijoille 10\u20ac ja muille faneille 15\u20ac. Lippuja voi ostaa ennakkoon Torwilta, Proffan kellarista, SHO:lta, Alba Recordsilta sek\u00e4 s\u00e4hk\u00f6postitse osoitteesta liput@sohontorwet.com<\/p>\n<p><img loading=\"lazy\" decoding=\"async\" class=\"aligncenter wp-image-2271 size-full\" src=\"https:\/\/sohontorwet.com\/wp-content\/uploads\/2023\/02\/skk2022.png\" alt=\"\" width=\"285\" height=\"403\" srcset=\"https:\/\/sohontorwet.com\/wp-content\/uploads\/2023\/02\/skk2022.png 285w, https:\/\/sohontorwet.com\/wp-content\/uploads\/2023\/02\/skk2022-212x300.png 212w\" sizes=\"(max-width: 285px) 100vw, 285px\" \/><\/p>\n\t\t\t\t<\/div>\n\t\t\t<\/div>\n\t\t<\/div>\n\t\t\t<div class=\"sow-accordion-panel\"\n\t\t\t data-anchor=\"sohon-torwet-turun-sanomissa-22-10-2022\">\n\t\t\t\t<div class=\"sow-accordion-panel-header-container\" role=\"heading\" aria-level=\"2\">\n\t\t\t\t\t<div class=\"sow-accordion-panel-header\" tabindex=\"0\" role=\"button\" id=\"accordion-label-sohon-torwet-turun-sanomissa-22-10-2022\" aria-controls=\"accordion-content-sohon-torwet-turun-sanomissa-22-10-2022\" aria-expanded=\"false\">\n\t\t\t\t\t\t<div class=\"sow-accordion-title sow-accordion-title-icon-left\">\n\t\t\t\t\t\t\t\t\t\t\t\t\t\tSohon Torwet Turun sanomissa! (22.10.2022)\t\t\t\t\t\t\t\t\t\t\t\t\t<\/div>\n\t\t\t\t\t\t<div class=\"sow-accordion-open-close-button\">\n\t\t\t\t\t\t\t<div class=\"sow-accordion-open-button\">\n\t\t\t\t\t\t\t\t<span class=\"sow-icon-ionicons\" data-sow-icon=\"&#xf218;\"\n\t\t \n\t\taria-hidden=\"true\"><\/span>\t\t\t\t\t\t\t<\/div>\n\t\t\t\t\t\t\t<div class=\"sow-accordion-close-button\">\n\t\t\t\t\t\t\t\t<span class=\"sow-icon-ionicons\" data-sow-icon=\"&#xf209;\"\n\t\t \n\t\taria-hidden=\"true\"><\/span>\t\t\t\t\t\t\t<\/div>\n\t\t\t\t\t\t<\/div>\n\t\t\t\t\t<\/div>\n\t\t\t\t<\/div>\n\n\t\t\t<div\n\t\t\t\tclass=\"sow-accordion-panel-content\"\n\t\t\t\trole=\"region\"\n\t\t\t\taria-labelledby=\"accordion-label-sohon-torwet-turun-sanomissa-22-10-2022\"\n\t\t\t\tid=\"accordion-content-sohon-torwet-turun-sanomissa-22-10-2022\"\n\t\t\t\tstyle=\"display: none;\"\t\t\t>\n\t\t\t\t<div class=\"sow-accordion-panel-border\" tabindex=\"0\">\n\t\t\t\t\t<p style=\"text-align: center;\">Turun sanomat julkaisee sarjan artikkeleit Turun opiskelijaorkestereista. K\u00e4y katsomassa, mit\u00e4 meist\u00e4 kirjoitettiin!<\/p>\n<p style=\"text-align: center;\">Linkki artikkeliin <a href=\"https:\/\/www.ts.fi\/kulttuuri\/5798143\">t\u00e4ss\u00e4!<\/a><\/p>\n<p><img loading=\"lazy\" decoding=\"async\" class=\"alignnone wp-image-2259 size-full aligncenter\" src=\"https:\/\/sohontorwet.com\/wp-content\/uploads\/2023\/02\/ts.png\" alt=\"\" width=\"555\" height=\"576\" srcset=\"https:\/\/sohontorwet.com\/wp-content\/uploads\/2023\/02\/ts.png 555w, https:\/\/sohontorwet.com\/wp-content\/uploads\/2023\/02\/ts-289x300.png 289w\" sizes=\"(max-width: 555px) 100vw, 555px\" \/><\/p>\n\t\t\t\t<\/div>\n\t\t\t<\/div>\n\t\t<\/div>\n\t\t\t<div class=\"sow-accordion-panel\"\n\t\t\t data-anchor=\"syksyll%c3%a4-j%c3%a4rjestett%c3%a4v%c3%a4-kev%c3%a4tkonsertti-2021\">\n\t\t\t\t<div class=\"sow-accordion-panel-header-container\" role=\"heading\" aria-level=\"2\">\n\t\t\t\t\t<div class=\"sow-accordion-panel-header\" tabindex=\"0\" role=\"button\" id=\"accordion-label-syksyll%c3%a4-j%c3%a4rjestett%c3%a4v%c3%a4-kev%c3%a4tkonsertti-2021\" aria-controls=\"accordion-content-syksyll%c3%a4-j%c3%a4rjestett%c3%a4v%c3%a4-kev%c3%a4tkonsertti-2021\" aria-expanded=\"false\">\n\t\t\t\t\t\t<div class=\"sow-accordion-title sow-accordion-title-icon-left\">\n\t\t\t\t\t\t\t\t\t\t\t\t\t\tSyksyll\u00e4 j\u00e4rjestett\u00e4v\u00e4 kev\u00e4tkonsertti 2021\t\t\t\t\t\t\t\t\t\t\t\t\t<\/div>\n\t\t\t\t\t\t<div class=\"sow-accordion-open-close-button\">\n\t\t\t\t\t\t\t<div class=\"sow-accordion-open-button\">\n\t\t\t\t\t\t\t\t<span class=\"sow-icon-ionicons\" data-sow-icon=\"&#xf218;\"\n\t\t \n\t\taria-hidden=\"true\"><\/span>\t\t\t\t\t\t\t<\/div>\n\t\t\t\t\t\t\t<div class=\"sow-accordion-close-button\">\n\t\t\t\t\t\t\t\t<span class=\"sow-icon-ionicons\" data-sow-icon=\"&#xf209;\"\n\t\t \n\t\taria-hidden=\"true\"><\/span>\t\t\t\t\t\t\t<\/div>\n\t\t\t\t\t\t<\/div>\n\t\t\t\t\t<\/div>\n\t\t\t\t<\/div>\n\n\t\t\t<div\n\t\t\t\tclass=\"sow-accordion-panel-content\"\n\t\t\t\trole=\"region\"\n\t\t\t\taria-labelledby=\"accordion-label-syksyll%c3%a4-j%c3%a4rjestett%c3%a4v%c3%a4-kev%c3%a4tkonsertti-2021\"\n\t\t\t\tid=\"accordion-content-syksyll%c3%a4-j%c3%a4rjestett%c3%a4v%c3%a4-kev%c3%a4tkonsertti-2021\"\n\t\t\t\tstyle=\"display: none;\"\t\t\t>\n\t\t\t\t<div class=\"sow-accordion-panel-border\" tabindex=\"0\">\n\t\t\t\t\t<p style=\"text-align: center;\">Turun yliopiston puhallinorkesterin Sohon Torwien kauan odotettu ja kaivattu syksyll\u00e4 j\u00e4rjestett\u00e4v\u00e4 kev\u00e4tkonsertti on viimein t\u00e4\u00e4ll\u00e4! Konsertti j\u00e4rjestet\u00e4\u00e4n t\u00e4n\u00e4 vuonna Kristoffer-salissa Naantalissa 23.10.2021. Tuttuun tapaan konsertti alkaa tasan kello 16.04. Tavasta poiketen konsertti ei koostu kahdesta puoliajasta, vaan orkesteri viihdytt\u00e4\u00e4 kuulijoita yhdell\u00e4 noin 60 minuuttia kest\u00e4v\u00e4ll\u00e4 esityksell\u00e4, joka pit\u00e4\u00e4 sis\u00e4ll\u00e4\u00e4n laajan kirjon erilaista musiikkia.<\/p>\n<p style=\"text-align: center;\">Ohjelmisto pit\u00e4\u00e4 sis\u00e4ll\u00e4\u00e4n tunnettuja hittej\u00e4 kuten Queen-yhtyeen Bohemian Rhapsody ja Abban Money Money Money. Orkesterin s\u00e4est\u00e4m\u00e4\u00e4 laulua p\u00e4\u00e4see kuuntelemaan teoksessa Lulu, jossa solistina toimii Veera Aliska, sek\u00e4 teoksessa Lapin tango, jossa solistina Markus Vatka. Upeaa rumpusooloa p\u00e4\u00e4see esittelem\u00e4\u00e4n vauhdikkaassa Sing Sing Sing -kappaleessa Matti Juhanoja.<\/p>\n<p style=\"text-align: center;\">Orkesteria johtavat Sohon Torwien taiteellinen johtaja Antti Kauppinen sek\u00e4 apulaiskapellimestari Leo Rantalankila.<\/p>\n<p style=\"text-align: center;\">Peruslipun hinta on 15\u20ac ja kannatuslipun hinta 20\u20ac.<\/p>\n<p style=\"text-align: center;\">Lippuja voi varata Sohon Torwilta ja s\u00e4hk\u00f6postilla osoitteesta liput@sohontorwet.com<\/p>\n<p><img loading=\"lazy\" decoding=\"async\" class=\"aligncenter wp-image-2082\" src=\"https:\/\/sohontorwet.com\/wp-content\/uploads\/2021\/10\/245936589_280550464070391_5551982560487008481_n-212x300.jpg\" alt=\"\" width=\"320\" height=\"452\" srcset=\"https:\/\/sohontorwet.com\/wp-content\/uploads\/2021\/10\/245936589_280550464070391_5551982560487008481_n-212x300.jpg 212w, https:\/\/sohontorwet.com\/wp-content\/uploads\/2021\/10\/245936589_280550464070391_5551982560487008481_n-768x1086.jpg 768w, https:\/\/sohontorwet.com\/wp-content\/uploads\/2021\/10\/245936589_280550464070391_5551982560487008481_n-724x1024.jpg 724w, https:\/\/sohontorwet.com\/wp-content\/uploads\/2021\/10\/245936589_280550464070391_5551982560487008481_n.jpg 1054w\" sizes=\"(max-width: 320px) 100vw, 320px\" \/><\/p>\n\t\t\t\t<\/div>\n\t\t\t<\/div>\n\t\t<\/div>\n\t\t\t<div class=\"sow-accordion-panel\"\n\t\t\t data-anchor=\"kev%c3%a4tkonsertti-lauantaina-18-4-2020\">\n\t\t\t\t<div class=\"sow-accordion-panel-header-container\" role=\"heading\" aria-level=\"2\">\n\t\t\t\t\t<div class=\"sow-accordion-panel-header\" tabindex=\"0\" role=\"button\" id=\"accordion-label-kev%c3%a4tkonsertti-lauantaina-18-4-2020\" aria-controls=\"accordion-content-kev%c3%a4tkonsertti-lauantaina-18-4-2020\" aria-expanded=\"false\">\n\t\t\t\t\t\t<div class=\"sow-accordion-title sow-accordion-title-icon-left\">\n\t\t\t\t\t\t\t\t\t\t\t\t\t\tKev\u00e4tkonsertti lauantaina 18.4.2020 \t\t\t\t\t\t\t\t\t\t\t\t\t<\/div>\n\t\t\t\t\t\t<div class=\"sow-accordion-open-close-button\">\n\t\t\t\t\t\t\t<div class=\"sow-accordion-open-button\">\n\t\t\t\t\t\t\t\t<span class=\"sow-icon-ionicons\" data-sow-icon=\"&#xf218;\"\n\t\t \n\t\taria-hidden=\"true\"><\/span>\t\t\t\t\t\t\t<\/div>\n\t\t\t\t\t\t\t<div class=\"sow-accordion-close-button\">\n\t\t\t\t\t\t\t\t<span class=\"sow-icon-ionicons\" data-sow-icon=\"&#xf209;\"\n\t\t \n\t\taria-hidden=\"true\"><\/span>\t\t\t\t\t\t\t<\/div>\n\t\t\t\t\t\t<\/div>\n\t\t\t\t\t<\/div>\n\t\t\t\t<\/div>\n\n\t\t\t<div\n\t\t\t\tclass=\"sow-accordion-panel-content\"\n\t\t\t\trole=\"region\"\n\t\t\t\taria-labelledby=\"accordion-label-kev%c3%a4tkonsertti-lauantaina-18-4-2020\"\n\t\t\t\tid=\"accordion-content-kev%c3%a4tkonsertti-lauantaina-18-4-2020\"\n\t\t\t\tstyle=\"display: none;\"\t\t\t>\n\t\t\t\t<div class=\"sow-accordion-panel-border\" tabindex=\"0\">\n\t\t\t\t\t<h1 style=\"text-align: center;\">PERUUTETTU<\/h1>\n<h2 style=\"text-align: center;\">\/<\/h2>\n<h3 style=\"text-align: center;\">SIIRRETTY M\u00c4\u00c4RITT\u00c4M\u00c4TT\u00d6M\u00c4\u00c4N AJANKOHTAAN TULEVAISUUDESSA<\/h3>\n<p style=\"text-align: center;\">\n<\/p><p style=\"text-align: center;\">Covid 19-epidemian sek\u00e4 Valtioneuvoston linjauksien mukaisesti kaikki yli 10 henkil\u00f6n kokoontumiset ja sit\u00e4 suuremmalla syyll\u00e4 yleis\u00f6tapahtumat on peruttu. Luonnollisesti t\u00e4m\u00e4 koskee my\u00f6s Sohon Torwien Kev\u00e4tkonserttia. Kev\u00e4tkonsertin uudesta ajankohdasta ilmoitetaan ainakin\u00a0<a href=\"https:\/\/www.facebook.com\/SohonTorwet\" target=\"_blank\" rel=\"noopener\">Facebookissa<\/a>\u00a0ja t\u00e4\u00e4ll\u00e4, sitten kun tulevan vuosi epidemian ja Valtioneuvoston suunnitelmien osalta selkeytyy.<\/p>\n\t\t\t\t<\/div>\n\t\t\t<\/div>\n\t\t<\/div>\n\t\t<\/div>\n<\/div>\n<\/div><\/div><\/div><\/div><\/div><\/div><\/div>","protected":false},"excerpt":{"rendered":"<p>This message is only visible to admins. Problem displaying Facebook posts. Backup cache in use. Click to show error Error: Error validating access token: The session has been invalidated because the user changed their password or Facebook has changed the session for security reasons. Type: OAuthException Tapahtumia Torwissa! Paina otsikkoja alta n\u00e4hd\u00e4ksesi lis\u00e4\u00e4! Sohon Torwien [&hellip;]<\/p>\n","protected":false},"author":4,"featured_media":0,"parent":0,"menu_order":0,"comment_status":"closed","ping_status":"closed","template":"","meta":{"inline_featured_image":false,"footnotes":""},"_links":{"self":[{"href":"https:\/\/sohontorwet.com\/index.php?rest_route=\/wp\/v2\/pages\/62"}],"collection":[{"href":"https:\/\/sohontorwet.com\/index.php?rest_route=\/wp\/v2\/pages"}],"about":[{"href":"https:\/\/sohontorwet.com\/index.php?rest_route=\/wp\/v2\/types\/page"}],"author":[{"embeddable":true,"href":"https:\/\/sohontorwet.com\/index.php?rest_route=\/wp\/v2\/users\/4"}],"replies":[{"embeddable":true,"href":"https:\/\/sohontorwet.com\/index.php?rest_route=%2Fwp%2Fv2%2Fcomments&post=62"}],"version-history":[{"count":42,"href":"https:\/\/sohontorwet.com\/index.php?rest_route=\/wp\/v2\/pages\/62\/revisions"}],"predecessor-version":[{"id":2273,"href":"https:\/\/sohontorwet.com\/index.php?rest_route=\/wp\/v2\/pages\/62\/revisions\/2273"}],"wp:attachment":[{"href":"https:\/\/sohontorwet.com\/index.php?rest_route=%2Fwp%2Fv2%2Fmedia&parent=62"}],"curies":[{"name":"wp","href":"https:\/\/api.w.org\/{rel}","templated":true}]}}