{"id":982,"date":"2020-03-10T14:53:45","date_gmt":"2020-03-10T12:53:45","guid":{"rendered":"http:\/\/sohontorwet.com\/?page_id=982"},"modified":"2023-10-10T12:03:29","modified_gmt":"2023-10-10T10:03:29","slug":"esittely","status":"publish","type":"page","link":"https:\/\/sohontorwet.com\/?page_id=982","title":{"rendered":"ESITTELY"},"content":{"rendered":"<div id=\"pl-982\"  class=\"panel-layout\" ><div id=\"pg-982-0\"  class=\"panel-grid panel-has-style\" ><div class=\"tumma_parent_row panel-row-style panel-row-style-for-982-0\" ><div id=\"pgc-982-0-0\"  class=\"panel-grid-cell\" ><div id=\"panel-982-0-0-0\" class=\"so-panel widget widget_sow-editor panel-first-child panel-last-child\" data-index=\"0\" ><div class=\"tekstit panel-widget-style panel-widget-style-for-982-0-0-0\" id=\"teksti1\" ><div\n\t\t\t\n\t\t\tclass=\"so-widget-sow-editor so-widget-sow-editor-base\"\n\t\t\t\n\t\t>\n<div class=\"siteorigin-widget-tinymce textwidget\">\n\t<h1 id=\"keikalla\" style=\"text-align: center;\">SOHON TORWET KEIKALLA<\/h1>\n<p>Sohon Torwet - tuttavallisemmin Turun suomalaisen, sittemmin valtiollistetun, nyttemmin julkisoikeudellisen yliopiston ylioppilaskunnan Satakuntalais-H\u00e4m\u00e4l\u00e4inen Osakunta ry:n filharmooninen puhallinorkesteri \u2012 on turkulaisista opiskelijapuhallinorkestereista paras ja monen mielest\u00e4 my\u00f6s ainoa. Keikkailemme ja harjoittelemme aktiivisesti ymp\u00e4ri vuoden sek\u00e4 olemme merkitt\u00e4v\u00e4 osa turkulaista opiskelijakulttuuria.<\/p>\n<p>Kun tilaat Sohon Torwet keikalle, saat laajan valikoiman tanssimusiikkia, josta r\u00e4\u00e4t\u00e4l\u00f6id\u00e4\u00e4n tilaisuuteen sopiva setti. Ohjelmisto kattaa tyylilajit jenkasta discoon ja vuosikymmenet aina 1920-luvulta alkaen. Laadusta kertoo se, ett\u00e4 turkulaiset tanssiyhdistykset tilaavat meit\u00e4 s\u00e4\u00e4nn\u00f6llisesti keikoille. Suurin osa keikkatilauksistamme tulevat yliopiston opiskelijaj\u00e4rjest\u00f6ilt\u00e4, joille soitamme vuosijuhlatansseja. Yksityisi\u00e4 keikkatilaajia on my\u00f6s paljon ja tilaisuudet vaihtelevat kes\u00e4tapahtumista h\u00e4ihin ja yritystilaisuuksiin.<\/p>\n<\/div>\n<\/div><\/div><\/div><\/div><div id=\"pgc-982-0-1\"  class=\"panel-grid-cell\" ><div id=\"panel-982-0-1-0\" class=\"so-panel widget widget_sow-image panel-first-child panel-last-child\" data-index=\"1\" ><div class=\"esittely_kuvat panel-widget-style panel-widget-style-for-982-0-1-0\" ><div\n\t\t\t\n\t\t\tclass=\"so-widget-sow-image so-widget-sow-image-default-c67d20f9f743-982\"\n\t\t\t\n\t\t>\n\n<div class=\"sow-image-container\">\n\t\t<img decoding=\"async\" src=\"https:\/\/sohontorwet.com\/wp-content\/uploads\/2020\/03\/Torwikuvat-48_pieni-1024x550.jpg\" width=\"1024\" height=\"550\" srcset=\"https:\/\/sohontorwet.com\/wp-content\/uploads\/2020\/03\/Torwikuvat-48_pieni-1024x550.jpg 1024w, https:\/\/sohontorwet.com\/wp-content\/uploads\/2020\/03\/Torwikuvat-48_pieni-300x161.jpg 300w, https:\/\/sohontorwet.com\/wp-content\/uploads\/2020\/03\/Torwikuvat-48_pieni-768x413.jpg 768w, https:\/\/sohontorwet.com\/wp-content\/uploads\/2020\/03\/Torwikuvat-48_pieni-1536x825.jpg 1536w, https:\/\/sohontorwet.com\/wp-content\/uploads\/2020\/03\/Torwikuvat-48_pieni-2048x1101.jpg 2048w\" sizes=\"(max-width: 1024px) 100vw, 1024px\" title=\"Keikalla. Kuva: Jesse J\u00e4msen\" alt=\"\" loading=\"lazy\" \t\tclass=\"so-widget-image\"\/>\n\t<\/div>\n\n<\/div><\/div><\/div><\/div><\/div><\/div><div id=\"pg-982-1\"  class=\"panel-grid panel-has-style\" ><div class=\"vaalea_parent_row panel-row-style panel-row-style-for-982-1\" ><div id=\"pgc-982-1-0\"  class=\"panel-grid-cell\" ><div id=\"panel-982-1-0-0\" class=\"so-panel widget widget_sow-image panel-first-child panel-last-child\" data-index=\"2\" ><div class=\"random_kuvat panel-widget-style panel-widget-style-for-982-1-0-0\" ><div\n\t\t\t\n\t\t\tclass=\"so-widget-sow-image so-widget-sow-image-default-c67d20f9f743-982\"\n\t\t\t\n\t\t>\n\n<div class=\"sow-image-container\">\n\t\t<img decoding=\"async\" src=\"https:\/\/sohontorwet.com\/wp-content\/uploads\/2020\/03\/Torwi_mainoslogo-1024x590.jpg\" width=\"1024\" height=\"590\" srcset=\"https:\/\/sohontorwet.com\/wp-content\/uploads\/2020\/03\/Torwi_mainoslogo-1024x590.jpg 1024w, https:\/\/sohontorwet.com\/wp-content\/uploads\/2020\/03\/Torwi_mainoslogo-300x173.jpg 300w, https:\/\/sohontorwet.com\/wp-content\/uploads\/2020\/03\/Torwi_mainoslogo-768x443.jpg 768w, https:\/\/sohontorwet.com\/wp-content\/uploads\/2020\/03\/Torwi_mainoslogo-1536x885.jpg 1536w, https:\/\/sohontorwet.com\/wp-content\/uploads\/2020\/03\/Torwi_mainoslogo.jpg 1629w\" sizes=\"(max-width: 1024px) 100vw, 1024px\" alt=\"\" loading=\"lazy\" \t\tclass=\"so-widget-image\"\/>\n\t<\/div>\n\n<\/div><\/div><\/div><\/div><div id=\"pgc-982-1-1\"  class=\"panel-grid-cell\" ><div id=\"panel-982-1-1-0\" class=\"so-panel widget widget_sow-editor panel-first-child panel-last-child\" data-index=\"3\" ><div class=\"tekstit panel-widget-style panel-widget-style-for-982-1-1-0\" ><div\n\t\t\t\n\t\t\tclass=\"so-widget-sow-editor so-widget-sow-editor-base\"\n\t\t\t\n\t\t>\n<div class=\"siteorigin-widget-tinymce textwidget\">\n\t<h1 style=\"text-align: center;\">MUSIIKKIA<\/h1>\n<p>Keikkojen ohella harjoituksissa kulutetaan kymmeni\u00e4 tunteja kev\u00e4tkonsertin ohjelmiston hiomiseen. Konsertissa pystymmekin parhaiten n\u00e4ytt\u00e4m\u00e4\u00e4n todellisen taiteellisen tasomme. Ohjelmistossa on paljon uusia, orkesterin j\u00e4senten tekemi\u00e4 sovituksia, jotka eiv\u00e4t v\u00e4ltt\u00e4m\u00e4tt\u00e4 ole sit\u00e4 perinteisint\u00e4 puhallinorkesteriohjelmistoa.<\/p>\n<p>Tyylilajit vaihtelevat jazzista funkiin ja rockista iskelm\u00e4\u00e4n. Kunnianhimoisimmat projektit esitet\u00e4\u00e4n konsertin ensimm\u00e4isell\u00e4 puoliajalla ja niist\u00e4 huomaa, ett\u00e4 orkesteri on oikeasti harjoitellut.<\/p>\n<\/div>\n<\/div><\/div><\/div><\/div><\/div><\/div><div id=\"pg-982-2\"  class=\"panel-grid panel-has-style\" ><div class=\"tumma_parent_row panel-row-style panel-row-style-for-982-2\" ><div id=\"pgc-982-2-0\"  class=\"panel-grid-cell\" ><div id=\"panel-982-2-0-0\" class=\"so-panel widget widget_sow-editor panel-first-child panel-last-child\" data-index=\"4\" ><div class=\"tekstit panel-widget-style panel-widget-style-for-982-2-0-0\" ><div\n\t\t\t\n\t\t\tclass=\"so-widget-sow-editor so-widget-sow-editor-base\"\n\t\t\t\n\t\t>\n<div class=\"siteorigin-widget-tinymce textwidget\">\n\t<h1 style=\"text-align: center;\">OPISKELIJAKULTTUURIA<\/h1>\n<p>Olemme perinteik\u00e4s orkesteri, joka on perustettu vuonna 1951 torviseitsikoksi ja laajentunut siit\u00e4 varsinaiseksi puhallinorkesteriksi. Olemme my\u00f6s opiskelijaorkesteri, joten heitt\u00e4ydymme rohkeasti uusiin haasteisiin. Sohon Torwet onkin voinut bongata Big Brother -ohjelmasta ja Risto R\u00e4pp\u00e4\u00e4j\u00e4 ja Liukas Lennart -elokuvasta. Osallistumme turkulaisiin opiskelijaperinteisiin kuten TYYlikk\u00e4\u00e4seen Vappuun ja itsen\u00e4isyysp\u00e4iv\u00e4n kulkueeseen. Moni turkulainen onkin n\u00e4hnyt Sohon Torwet juuri vapunaattona kuorma-auton lavalla soittamassa.<\/p>\n<\/div>\n<\/div><\/div><\/div><\/div><div id=\"pgc-982-2-1\"  class=\"panel-grid-cell\" ><div id=\"panel-982-2-1-0\" class=\"so-panel widget widget_sow-image panel-first-child panel-last-child\" data-index=\"5\" ><div class=\"esittely_kuvat panel-widget-style panel-widget-style-for-982-2-1-0\" ><div\n\t\t\t\n\t\t\tclass=\"so-widget-sow-image so-widget-sow-image-default-c67d20f9f743-982\"\n\t\t\t\n\t\t>\n\n<div class=\"sow-image-container\">\n\t\t<img decoding=\"async\" src=\"https:\/\/sohontorwet.com\/wp-content\/uploads\/2020\/03\/Torwikuvat-70-1024x774.jpg\" width=\"1024\" height=\"774\" srcset=\"https:\/\/sohontorwet.com\/wp-content\/uploads\/2020\/03\/Torwikuvat-70-1024x774.jpg 1024w, https:\/\/sohontorwet.com\/wp-content\/uploads\/2020\/03\/Torwikuvat-70-300x227.jpg 300w, https:\/\/sohontorwet.com\/wp-content\/uploads\/2020\/03\/Torwikuvat-70-768x580.jpg 768w, https:\/\/sohontorwet.com\/wp-content\/uploads\/2020\/03\/Torwikuvat-70-1536x1160.jpg 1536w, https:\/\/sohontorwet.com\/wp-content\/uploads\/2020\/03\/Torwikuvat-70-2048x1547.jpg 2048w\" sizes=\"(max-width: 1024px) 100vw, 1024px\" title=\"Opiskelijakulttuuria. Kuva: Jesse J\u00e4msen\" alt=\"\" loading=\"lazy\" \t\tclass=\"so-widget-image\"\/>\n\t<\/div>\n\n<\/div><\/div><\/div><\/div><\/div><\/div><div id=\"pg-982-3\"  class=\"panel-grid panel-has-style\" ><div class=\"vaalea_parent_row panel-row-style panel-row-style-for-982-3\" id=\"yhteissoittoa\" ><div id=\"pgc-982-3-0\"  class=\"panel-grid-cell\" ><div id=\"panel-982-3-0-0\" class=\"so-panel widget widget_sow-image panel-first-child panel-last-child\" data-index=\"6\" ><div class=\"esittely_kuvat panel-widget-style panel-widget-style-for-982-3-0-0\" ><div\n\t\t\t\n\t\t\tclass=\"so-widget-sow-image so-widget-sow-image-default-c67d20f9f743-982\"\n\t\t\t\n\t\t>\n\n<div class=\"sow-image-container\">\n\t\t<img decoding=\"async\" src=\"https:\/\/sohontorwet.com\/wp-content\/uploads\/2020\/03\/Torwikuvat-111b-1024x573.jpg\" width=\"1024\" height=\"573\" srcset=\"https:\/\/sohontorwet.com\/wp-content\/uploads\/2020\/03\/Torwikuvat-111b-1024x573.jpg 1024w, https:\/\/sohontorwet.com\/wp-content\/uploads\/2020\/03\/Torwikuvat-111b-300x168.jpg 300w, https:\/\/sohontorwet.com\/wp-content\/uploads\/2020\/03\/Torwikuvat-111b-768x429.jpg 768w, https:\/\/sohontorwet.com\/wp-content\/uploads\/2020\/03\/Torwikuvat-111b-1536x859.jpg 1536w, https:\/\/sohontorwet.com\/wp-content\/uploads\/2020\/03\/Torwikuvat-111b-2048x1145.jpg 2048w\" sizes=\"(max-width: 1024px) 100vw, 1024px\" title=\"Kuva: Jesse J\u00e4msen\" alt=\"\" loading=\"lazy\" \t\tclass=\"so-widget-image\"\/>\n\t<\/div>\n\n<\/div><\/div><\/div><\/div><div id=\"pgc-982-3-1\"  class=\"panel-grid-cell\" ><div id=\"panel-982-3-1-0\" class=\"so-panel widget widget_sow-editor panel-first-child panel-last-child\" data-index=\"7\" ><div class=\"tekstit panel-widget-style panel-widget-style-for-982-3-1-0\" ><div\n\t\t\t\n\t\t\tclass=\"so-widget-sow-editor so-widget-sow-editor-base\"\n\t\t\t\n\t\t>\n<div class=\"siteorigin-widget-tinymce textwidget\">\n\t<h1 style=\"text-align: center;\">YHDESS\u00c4 SOITTAMISTA<\/h1>\n<p>Soittajayhteis\u00f6n\u00e4 olemme tiivis, mit\u00e4 kuvastaa ilmaisu \u201cTorwien v\u00e4kev\u00e4 henki\u201d. Soittajillemme t\u00e4rkeint\u00e4 on soittaminen ja erityisesti Sohon Torwissa soittaminen.<\/p>\n<p>Uudet soittajat toivotetaan tervetulleiksi taidosta riippumatta, kunhan on halu soittaa. Kaikki halukkaat saavat tulla treeneihin soittamaan, ensimm\u00e4iset koesoiton perusteella ja loput siit\u00e4 huolimatta. Treenaamme s\u00e4\u00e4nn\u00f6llisesti tiistaisin klo 18.30 \u2013 20.30 Ylioppilastalo B:n Osakuntasalissa (Rehtorinpellonkatu 4-6 B, oven p\u00e4\u00e4ll\u00e4 lukee \u201cOsakuntasali\u201d).<\/p>\n<\/div>\n<\/div><\/div><\/div><\/div><\/div><\/div><div id=\"pg-982-4\"  class=\"panel-grid panel-has-style\" ><div class=\"tumma_parent_row panel-row-style panel-row-style-for-982-4\" ><div id=\"pgc-982-4-0\"  class=\"panel-grid-cell\" ><div id=\"panel-982-4-0-0\" class=\"so-panel widget widget_sow-editor panel-first-child panel-last-child\" data-index=\"8\" ><div class=\"tekstit panel-widget-style panel-widget-style-for-982-4-0-0\" ><div\n\t\t\t\n\t\t\tclass=\"so-widget-sow-editor so-widget-sow-editor-base\"\n\t\t\t\n\t\t>\n<div class=\"siteorigin-widget-tinymce textwidget\">\n\t<h1 style=\"text-align: center;\">HALUATKO SOITTAJAKSI SOHON TORWIIN?<\/h1>\n<p>Soitatko sin\u00e4 jotakin puhallinsoitinta tai percussiota ja haluaisit kivan porukan, jossa p\u00e4\u00e4st\u00e4 soittamaan? Olet l\u00e4mpim\u00e4sti tervetullut Sohon Torwiin, Turun yliopiston parhaaseen puhallinorkesteriin! Orkesterimme koostuu kaiken ik\u00e4isist\u00e4 opiskelijoista ja jo valmistuneista. Soittajia on my\u00f6s kaikista Turun korkeakouluista. Vuotemme koostuu s\u00e4\u00e4nn\u00f6llisist\u00e4 harjoituksista sek\u00e4 keikoista. Kev\u00e4isin j\u00e4rjestet\u00e4\u00e4n suurempi konsertti, jonka teema vaihtelee vuosittain.<\/p>\n<p>Harjoittelemme joka tiistai Yo-talo B:n Osakuntasalissa klo 18.30 alkaen. Mukaan voi tulla miss\u00e4 vaiheessa lukuvuotta tahansa. Voit my\u00f6s ottaa yhteytt\u00e4 puheenjohtajaamme tai muihin soittajiimme lis\u00e4tietojen saamiseksi.<\/p>\n<\/div>\n<\/div><\/div><\/div><\/div><div id=\"pgc-982-4-1\"  class=\"panel-grid-cell\" ><div id=\"panel-982-4-1-0\" class=\"so-panel widget widget_sow-image panel-first-child panel-last-child\" data-index=\"9\" ><div class=\"esittely_kuvat panel-widget-style panel-widget-style-for-982-4-1-0\" ><div\n\t\t\t\n\t\t\tclass=\"so-widget-sow-image so-widget-sow-image-default-c67d20f9f743-982\"\n\t\t\t\n\t\t>\n\n<div class=\"sow-image-container\">\n\t\t<img decoding=\"async\" src=\"https:\/\/sohontorwet.com\/wp-content\/uploads\/2020\/03\/Rekry.jpg\" width=\"570\" height=\"833\" srcset=\"https:\/\/sohontorwet.com\/wp-content\/uploads\/2020\/03\/Rekry.jpg 570w, https:\/\/sohontorwet.com\/wp-content\/uploads\/2020\/03\/Rekry-205x300.jpg 205w\" sizes=\"(max-width: 570px) 100vw, 570px\" alt=\"\" loading=\"lazy\" \t\tclass=\"so-widget-image\"\/>\n\t<\/div>\n\n<\/div><\/div><\/div><\/div><\/div><\/div><div id=\"pg-982-5\"  class=\"panel-grid panel-has-style\" ><div class=\"panel-row-style panel-row-style-for-982-5\" ><div id=\"pgc-982-5-0\"  class=\"panel-grid-cell\" ><div id=\"panel-982-5-0-0\" class=\"so-panel widget widget_sow-editor panel-first-child panel-last-child\" data-index=\"10\" ><div class=\"tekstit panel-widget-style panel-widget-style-for-982-5-0-0\" ><div\n\t\t\t\n\t\t\tclass=\"so-widget-sow-editor so-widget-sow-editor-base\"\n\t\t\t\n\t\t>\n<div class=\"siteorigin-widget-tinymce textwidget\">\n\t<h1>MEDIA<\/h1>\n<p>Alla median k\u00e4ytt\u00f6\u00f6n tarkoitettua korkean resoluution kuvia. Kuvaajan nimi selvi\u00e4\u00e4 liikuttamalla hiiren kursori kuvan p\u00e4\u00e4lle.<\/p>\n<p>Oikealla my\u00f6s Sohon Torwiin liittyvi\u00e4 Youtube-linkkej\u00e4.<\/p>\n<p>Lis\u00e4\u00e4 Sohon Torwet-aiheisia videoita l\u00f6ytyy <a href=\"https:\/\/www.youtube.com\/results?search_query=sohon+torwet\" target=\"_blank\">t\u00e4\u00e4lt\u00e4<\/a>.<\/p>\n<\/div>\n<\/div><\/div><\/div><\/div><div id=\"pgc-982-5-1\"  class=\"panel-grid-cell\" ><div id=\"panel-982-5-1-0\" class=\"so-panel widget widget_sow-video panel-first-child panel-last-child\" data-index=\"11\" ><div class=\"videot panel-widget-style panel-widget-style-for-982-5-1-0\" ><div\n\t\t\t\n\t\t\tclass=\"so-widget-sow-video so-widget-sow-video-default-f379b959fc93-982\"\n\t\t\t\n\t\t>\n<div class=\"sow-video-wrapper no-controls\">\n\t\t\t<iframe loading=\"lazy\" title=\"Smooth Operator\" width=\"1140\" height=\"641\" src=\"https:\/\/www.youtube.com\/embed\/kdDaPAlhUso?feature=oembed&enablejsapi=1\" frameborder=\"0\" allow=\"accelerometer; autoplay; clipboard-write; encrypted-media; gyroscope; picture-in-picture; web-share\" referrerpolicy=\"strict-origin-when-cross-origin\" allowfullscreen><\/iframe>\t<\/div>\n<\/div><\/div><\/div><\/div><div id=\"pgc-982-5-2\"  class=\"panel-grid-cell\" ><div id=\"panel-982-5-2-0\" class=\"so-panel widget widget_sow-video panel-first-child panel-last-child\" data-index=\"12\" ><div class=\"videot panel-widget-style panel-widget-style-for-982-5-2-0\" ><div\n\t\t\t\n\t\t\tclass=\"so-widget-sow-video so-widget-sow-video-default-f379b959fc93-982\"\n\t\t\t\n\t\t>\n<div class=\"sow-video-wrapper no-controls\">\n\t\t\t<iframe loading=\"lazy\" title=\"I Charleston Turku\" width=\"1140\" height=\"641\" src=\"https:\/\/www.youtube.com\/embed\/mBxUAOonGOQ?feature=oembed&enablejsapi=1\" frameborder=\"0\" allow=\"accelerometer; autoplay; clipboard-write; encrypted-media; gyroscope; picture-in-picture; web-share\" referrerpolicy=\"strict-origin-when-cross-origin\" allowfullscreen><\/iframe>\t<\/div>\n<\/div><\/div><\/div><\/div><div id=\"pgc-982-5-3\"  class=\"panel-grid-cell\" ><div id=\"panel-982-5-3-0\" class=\"so-panel widget widget_sow-video panel-first-child panel-last-child\" data-index=\"13\" ><div class=\"videot panel-widget-style panel-widget-style-for-982-5-3-0\" ><div\n\t\t\t\n\t\t\tclass=\"so-widget-sow-video so-widget-sow-video-default-f379b959fc93-982\"\n\t\t\t\n\t\t>\n<div class=\"sow-video-wrapper no-controls\">\n\t\t\t<iframe loading=\"lazy\" title=\"Doom!\" width=\"1140\" height=\"641\" src=\"https:\/\/www.youtube.com\/embed\/VXOiS1irJRs?feature=oembed&enablejsapi=1\" frameborder=\"0\" allow=\"accelerometer; autoplay; clipboard-write; encrypted-media; gyroscope; picture-in-picture; web-share\" referrerpolicy=\"strict-origin-when-cross-origin\" allowfullscreen><\/iframe>\t<\/div>\n<\/div><\/div><\/div><\/div><\/div><\/div><div id=\"pg-982-6\"  class=\"panel-grid panel-has-style\" ><div id=\"image_slider\" class=\"panel-row-style panel-row-style-for-982-6\" ><div id=\"pgc-982-6-0\"  class=\"panel-grid-cell\" ><div id=\"panel-982-6-0-0\" class=\"so-panel widget widget_sow-image-grid panel-first-child panel-last-child\" data-index=\"14\" ><div\n\t\t\t\n\t\t\tclass=\"so-widget-sow-image-grid so-widget-sow-image-grid-default-66b6fcac76e1-982\"\n\t\t\t\n\t\t>\t<div\n\t\tclass=\"sow-image-grid-wrapper\"\n\t\tdata-max-width=\"350\"\t\tdata-max-height=\"350\"\t>\n\t\t\t\t\t<div class=\"sow-image-grid-image\">\n\t\t\t\t\t\t\t\t\t\t\t\t<img decoding=\"async\" width=\"233\" height=\"350\" src=\"https:\/\/sohontorwet.com\/wp-content\/uploads\/2020\/03\/torwet_kev\u00e4t2016-24-2.jpg\" class=\"sow-image-grid-image_html\" alt=\"\" title=\"torwet_kev\u00e4t2016-24\" loading=\"lazy\" srcset=\"https:\/\/sohontorwet.com\/wp-content\/uploads\/2020\/03\/torwet_kev\u00e4t2016-24-2.jpg 1363w, https:\/\/sohontorwet.com\/wp-content\/uploads\/2020\/03\/torwet_kev\u00e4t2016-24-2-200x300.jpg 200w, https:\/\/sohontorwet.com\/wp-content\/uploads\/2020\/03\/torwet_kev\u00e4t2016-24-2-768x1154.jpg 768w, https:\/\/sohontorwet.com\/wp-content\/uploads\/2020\/03\/torwet_kev\u00e4t2016-24-2-682x1024.jpg 682w\" sizes=\"(max-width: 233px) 100vw, 233px\" \/>\t\t\t\t\t\t\t\t\t\t\t<\/div>\n\t\t\t\t\t<div class=\"sow-image-grid-image\">\n\t\t\t\t\t\t\t\t\t\t\t\t<img decoding=\"async\" width=\"350\" height=\"233\" src=\"https:\/\/sohontorwet.com\/wp-content\/uploads\/2020\/03\/torwet_keva\u00a6\u00eat2016-49-1-scaled.jpg\" class=\"sow-image-grid-image_html\" alt=\"\" title=\"\" loading=\"lazy\" srcset=\"https:\/\/sohontorwet.com\/wp-content\/uploads\/2020\/03\/torwet_keva\u00a6\u00eat2016-49-1-scaled.jpg 2560w, https:\/\/sohontorwet.com\/wp-content\/uploads\/2020\/03\/torwet_keva\u00a6\u00eat2016-49-1-scaled-300x200.jpg 300w, https:\/\/sohontorwet.com\/wp-content\/uploads\/2020\/03\/torwet_keva\u00a6\u00eat2016-49-1-scaled-768x511.jpg 768w, https:\/\/sohontorwet.com\/wp-content\/uploads\/2020\/03\/torwet_keva\u00a6\u00eat2016-49-1-scaled-1024x682.jpg 1024w, https:\/\/sohontorwet.com\/wp-content\/uploads\/2020\/03\/torwet_keva\u00a6\u00eat2016-49-1-scaled-272x182.jpg 272w\" sizes=\"(max-width: 350px) 100vw, 350px\" \/>\t\t\t\t\t\t\t\t\t\t\t<\/div>\n\t\t\t\t\t<div class=\"sow-image-grid-image\">\n\t\t\t\t\t\t\t\t\t\t\t\t<img decoding=\"async\" width=\"248\" height=\"350\" src=\"https:\/\/sohontorwet.com\/wp-content\/uploads\/2023\/02\/skk2022.png\" class=\"sow-image-grid-image_html\" alt=\"\" title=\"\" loading=\"lazy\" srcset=\"https:\/\/sohontorwet.com\/wp-content\/uploads\/2023\/02\/skk2022.png 285w, https:\/\/sohontorwet.com\/wp-content\/uploads\/2023\/02\/skk2022-212x300.png 212w\" sizes=\"(max-width: 248px) 100vw, 248px\" \/>\t\t\t\t\t\t\t\t\t\t\t<\/div>\n\t\t\t\t\t<div class=\"sow-image-grid-image\">\n\t\t\t\t\t\t\t\t\t\t\t\t<img decoding=\"async\" width=\"350\" height=\"233\" src=\"https:\/\/sohontorwet.com\/wp-content\/uploads\/2020\/03\/torwet_keva\u00a6\u00eat2016-42-1-768x511-1.jpg\" class=\"sow-image-grid-image_html\" alt=\"\" title=\"torwet_keva\u00a6\u00eat2016-42-1-768&#215;511\" loading=\"lazy\" srcset=\"https:\/\/sohontorwet.com\/wp-content\/uploads\/2020\/03\/torwet_keva\u00a6\u00eat2016-42-1-768x511-1.jpg 768w, https:\/\/sohontorwet.com\/wp-content\/uploads\/2020\/03\/torwet_keva\u00a6\u00eat2016-42-1-768x511-1-300x200.jpg 300w, https:\/\/sohontorwet.com\/wp-content\/uploads\/2020\/03\/torwet_keva\u00a6\u00eat2016-42-1-768x511-1-272x182.jpg 272w\" sizes=\"(max-width: 350px) 100vw, 350px\" \/>\t\t\t\t\t\t\t\t\t\t\t<\/div>\n\t\t\t\t\t<div class=\"sow-image-grid-image\">\n\t\t\t\t\t\t\t\t\t\t\t\t<img decoding=\"async\" width=\"233\" height=\"350\" src=\"https:\/\/sohontorwet.com\/wp-content\/uploads\/2020\/03\/torwet_keva\u00a6\u00eat2016-1-1-682x1024-1.jpg\" class=\"sow-image-grid-image_html\" alt=\"\" title=\"torwet_keva\u00a6\u00eat2016-1-1-682&#215;1024\" loading=\"lazy\" srcset=\"https:\/\/sohontorwet.com\/wp-content\/uploads\/2020\/03\/torwet_keva\u00a6\u00eat2016-1-1-682x1024-1.jpg 682w, https:\/\/sohontorwet.com\/wp-content\/uploads\/2020\/03\/torwet_keva\u00a6\u00eat2016-1-1-682x1024-1-200x300.jpg 200w\" sizes=\"(max-width: 233px) 100vw, 233px\" \/>\t\t\t\t\t\t\t\t\t\t\t<\/div>\n\t\t\t\t\t<div class=\"sow-image-grid-image\">\n\t\t\t\t\t\t\t\t\t\t\t\t<img decoding=\"async\" width=\"248\" height=\"350\" src=\"https:\/\/sohontorwet.com\/wp-content\/uploads\/2021\/10\/245936589_280550464070391_5551982560487008481_n.jpg\" class=\"sow-image-grid-image_html\" alt=\"\" title=\"\" loading=\"lazy\" srcset=\"https:\/\/sohontorwet.com\/wp-content\/uploads\/2021\/10\/245936589_280550464070391_5551982560487008481_n.jpg 1054w, https:\/\/sohontorwet.com\/wp-content\/uploads\/2021\/10\/245936589_280550464070391_5551982560487008481_n-212x300.jpg 212w, https:\/\/sohontorwet.com\/wp-content\/uploads\/2021\/10\/245936589_280550464070391_5551982560487008481_n-768x1086.jpg 768w, https:\/\/sohontorwet.com\/wp-content\/uploads\/2021\/10\/245936589_280550464070391_5551982560487008481_n-724x1024.jpg 724w\" sizes=\"(max-width: 248px) 100vw, 248px\" \/>\t\t\t\t\t\t\t\t\t\t\t<\/div>\n\t\t\t\t\t<div class=\"sow-image-grid-image\">\n\t\t\t\t\t\t\t\t\t\t\t\t<img decoding=\"async\" width=\"350\" height=\"233\" src=\"https:\/\/sohontorwet.com\/wp-content\/uploads\/2020\/03\/torwet_keva\u00a6\u00eat2016-26-1-1024x682-1.jpg\" class=\"sow-image-grid-image_html\" alt=\"\" title=\"torwet_keva\u00a6\u00eat2016-26-1-1024&#215;682\" loading=\"lazy\" srcset=\"https:\/\/sohontorwet.com\/wp-content\/uploads\/2020\/03\/torwet_keva\u00a6\u00eat2016-26-1-1024x682-1.jpg 1024w, https:\/\/sohontorwet.com\/wp-content\/uploads\/2020\/03\/torwet_keva\u00a6\u00eat2016-26-1-1024x682-1-300x200.jpg 300w, https:\/\/sohontorwet.com\/wp-content\/uploads\/2020\/03\/torwet_keva\u00a6\u00eat2016-26-1-1024x682-1-768x512.jpg 768w, https:\/\/sohontorwet.com\/wp-content\/uploads\/2020\/03\/torwet_keva\u00a6\u00eat2016-26-1-1024x682-1-272x182.jpg 272w\" sizes=\"(max-width: 350px) 100vw, 350px\" \/>\t\t\t\t\t\t\t\t\t\t\t<\/div>\n\t\t\t<\/div>\n<\/div><\/div><\/div><\/div><\/div><\/div>","protected":false},"excerpt":{"rendered":"<p>SOHON TORWET KEIKALLA Sohon Torwet &#8211; tuttavallisemmin Turun suomalaisen, sittemmin valtiollistetun, nyttemmin julkisoikeudellisen yliopiston ylioppilaskunnan Satakuntalais-H\u00e4m\u00e4l\u00e4inen Osakunta ry:n filharmooninen puhallinorkesteri \u2012 on turkulaisista opiskelijapuhallinorkestereista paras ja monen mielest\u00e4 my\u00f6s ainoa. Keikkailemme ja harjoittelemme aktiivisesti ymp\u00e4ri vuoden sek\u00e4 olemme merkitt\u00e4v\u00e4 osa turkulaista opiskelijakulttuuria. Kun tilaat Sohon Torwet keikalle, saat laajan valikoiman tanssimusiikkia, josta r\u00e4\u00e4t\u00e4l\u00f6id\u00e4\u00e4n tilaisuuteen sopiva [&hellip;]<\/p>\n","protected":false},"author":4,"featured_media":0,"parent":0,"menu_order":0,"comment_status":"closed","ping_status":"closed","template":"","meta":{"inline_featured_image":false,"footnotes":""},"_links":{"self":[{"href":"https:\/\/sohontorwet.com\/index.php?rest_route=\/wp\/v2\/pages\/982"}],"collection":[{"href":"https:\/\/sohontorwet.com\/index.php?rest_route=\/wp\/v2\/pages"}],"about":[{"href":"https:\/\/sohontorwet.com\/index.php?rest_route=\/wp\/v2\/types\/page"}],"author":[{"embeddable":true,"href":"https:\/\/sohontorwet.com\/index.php?rest_route=\/wp\/v2\/users\/4"}],"replies":[{"embeddable":true,"href":"https:\/\/sohontorwet.com\/index.php?rest_route=%2Fwp%2Fv2%2Fcomments&post=982"}],"version-history":[{"count":30,"href":"https:\/\/sohontorwet.com\/index.php?rest_route=\/wp\/v2\/pages\/982\/revisions"}],"predecessor-version":[{"id":2347,"href":"https:\/\/sohontorwet.com\/index.php?rest_route=\/wp\/v2\/pages\/982\/revisions\/2347"}],"wp:attachment":[{"href":"https:\/\/sohontorwet.com\/index.php?rest_route=%2Fwp%2Fv2%2Fmedia&parent=982"}],"curies":[{"name":"wp","href":"https:\/\/api.w.org\/{rel}","templated":true}]}}